{"id":5833,"date":"2026-03-12T10:23:04","date_gmt":"2026-03-12T10:23:04","guid":{"rendered":"http:\/\/s293241499.onlinehome.fr\/Luxtrans\/?post_type=product&#038;p=5833"},"modified":"2026-04-26T05:53:15","modified_gmt":"2026-04-26T05:53:15","slug":"inscription-marathon-2026-adulte-cuissard-long","status":"publish","type":"product","link":"http:\/\/s293241499.onlinehome.fr\/Luxtrans\/produit\/inscription-marathon-2026-adulte-cuissard-long\/","title":{"rendered":"Inscription Marathon 2026 &#8211; Tenue Sp\u00e9ciale adulte avec cuissard 3\/4"},"content":{"rendered":"<p style=\"text-align: left;\"><a href=\"http:\/\/s293241499.onlinehome.fr\/Luxtrans\/wp-content\/uploads\/2018\/04\/IMG_2989-e1524496022276.jpg\" class=\"grouped_elements\" rel=\"tc-fancybox-group5833\">\u00a0 <\/a>\u00a0\u00a0<a href=\"http:\/\/s293241499.onlinehome.fr\/Luxtrans\/wp-content\/uploads\/2025\/04\/IMG_8831-e1744043605501.jpg\" class=\"grouped_elements\" rel=\"tc-fancybox-group5833\"><img loading=\"lazy\" class=\"alignnone wp-image-5203\" src=\"http:\/\/s293241499.onlinehome.fr\/Luxtrans\/wp-content\/uploads\/2025\/04\/IMG_8831-287x300.jpg\" alt=\"\" width=\"113\" height=\"118\" \/><\/a><a href=\"http:\/\/s293241499.onlinehome.fr\/Luxtrans\/wp-content\/uploads\/2023\/04\/tenue-2022.png\" class=\"grouped_elements\" rel=\"tc-fancybox-group5833\">\u00a0<\/a><\/p>\n<p>Exemples des tenues des ann\u00e9es pr\u00e9c\u00e9dentes !!!<\/p>\n<p><strong>!!! Chaque tenue command\u00e9e devra \u00eatre pay\u00e9e !!!<\/strong><\/p>\n<p><a href=\"http:\/\/s293241499.onlinehome.fr\/Luxtrans\/informations-2026\/\"><strong>Information importantes \u00e0 consulter avant commande SVP !!!<\/strong><\/a><\/p>\n<p><a href=\"http:\/\/s293241499.onlinehome.fr\/Luxtrans\/reglement-general\/\"><strong>!!! R\u00e8glement de l&#8217;\u00e9v\u00e9nement absolument \u00e0 lire !!!\u00a0<\/strong><\/a><\/p>\n<p>&nbsp;<\/p>\n","protected":false},"excerpt":{"rendered":"<p>\u00a0 \u00a0\u00a0\u00a0 Exemples des tenues des ann\u00e9es pr\u00e9c\u00e9dentes !!! !!! Chaque tenue command\u00e9e devra \u00eatre pay\u00e9e !!! Information importantes \u00e0 consulter avant commande SVP !!! !!! R\u00e8glement de l&#8217;\u00e9v\u00e9nement absolument \u00e0 lire !!!\u00a0 &nbsp;<\/p>\n","protected":false},"featured_media":5851,"comment_status":"open","ping_status":"closed","template":"","meta":[],"product_cat":[157],"product_tag":[],"acf":[],"yoast_head":"<!-- This site is optimized with the Yoast SEO plugin v19.13 - https:\/\/yoast.com\/wordpress\/plugins\/seo\/ -->\n<title>Inscription Marathon 2026 - Tenue Sp\u00e9ciale adulte avec cuissard 3\/4 - Luxembourg Transplant<\/title>\n<meta name=\"robots\" content=\"index, follow, max-snippet:-1, max-image-preview:large, max-video-preview:-1\" \/>\n<link rel=\"canonical\" href=\"http:\/\/s293241499.onlinehome.fr\/Luxtrans\/produit\/inscription-marathon-2026-adulte-cuissard-long\/\" \/>\n<meta property=\"og:locale\" content=\"fr_FR\" \/>\n<meta property=\"og:type\" content=\"article\" \/>\n<meta property=\"og:title\" content=\"Inscription Marathon 2026 - Tenue Sp\u00e9ciale adulte avec cuissard 3\/4 - Luxembourg Transplant\" \/>\n<meta property=\"og:description\" content=\"\u00a0 \u00a0\u00a0\u00a0 Exemples des tenues des ann\u00e9es pr\u00e9c\u00e9dentes !!! !!! Chaque tenue command\u00e9e devra \u00eatre pay\u00e9e !!! Information importantes \u00e0 consulter avant commande SVP !!! !!! R\u00e8glement de l&#8217;\u00e9v\u00e9nement absolument \u00e0 lire !!!\u00a0 &nbsp;\" \/>\n<meta property=\"og:url\" content=\"http:\/\/s293241499.onlinehome.fr\/Luxtrans\/produit\/inscription-marathon-2026-adulte-cuissard-long\/\" \/>\n<meta property=\"og:site_name\" content=\"Luxembourg Transplant\" \/>\n<meta property=\"article:modified_time\" content=\"2026-04-26T05:53:15+00:00\" \/>\n<meta property=\"og:image\" content=\"http:\/\/s293241499.onlinehome.fr\/Luxtrans\/wp-content\/uploads\/2026\/03\/IMG_3593-e1773342679952.jpeg\" \/>\n\t<meta property=\"og:image:width\" content=\"100\" \/>\n\t<meta property=\"og:image:height\" content=\"262\" \/>\n\t<meta property=\"og:image:type\" content=\"image\/jpeg\" \/>\n<meta name=\"twitter:card\" content=\"summary_large_image\" \/>\n<meta name=\"twitter:label1\" content=\"Dur\u00e9e de lecture estim\u00e9e\" \/>\n\t<meta name=\"twitter:data1\" content=\"1 minute\" \/>\n<script type=\"application\/ld+json\" class=\"yoast-schema-graph\">{\"@context\":\"https:\/\/schema.org\",\"@graph\":[{\"@type\":\"WebPage\",\"@id\":\"http:\/\/s293241499.onlinehome.fr\/Luxtrans\/produit\/inscription-marathon-2026-adulte-cuissard-long\/\",\"url\":\"http:\/\/s293241499.onlinehome.fr\/Luxtrans\/produit\/inscription-marathon-2026-adulte-cuissard-long\/\",\"name\":\"Inscription Marathon 2026 - Tenue Sp\u00e9ciale adulte avec cuissard 3\/4 - Luxembourg Transplant\",\"isPartOf\":{\"@id\":\"http:\/\/s293241499.onlinehome.fr\/Luxtrans\/#website\"},\"datePublished\":\"2026-03-12T10:23:04+00:00\",\"dateModified\":\"2026-04-26T05:53:15+00:00\",\"breadcrumb\":{\"@id\":\"http:\/\/s293241499.onlinehome.fr\/Luxtrans\/produit\/inscription-marathon-2026-adulte-cuissard-long\/#breadcrumb\"},\"inLanguage\":\"fr-FR\",\"potentialAction\":[{\"@type\":\"ReadAction\",\"target\":[\"http:\/\/s293241499.onlinehome.fr\/Luxtrans\/produit\/inscription-marathon-2026-adulte-cuissard-long\/\"]}]},{\"@type\":\"BreadcrumbList\",\"@id\":\"http:\/\/s293241499.onlinehome.fr\/Luxtrans\/produit\/inscription-marathon-2026-adulte-cuissard-long\/#breadcrumb\",\"itemListElement\":[{\"@type\":\"ListItem\",\"position\":1,\"name\":\"Accueil\",\"item\":\"http:\/\/s293241499.onlinehome.fr\/Luxtrans\/\"},{\"@type\":\"ListItem\",\"position\":2,\"name\":\"Journ\u00e9e Mondiale du Don d&#8217;organes\",\"item\":\"http:\/\/s293241499.onlinehome.fr\/Luxtrans\/inscription-marathon-2016\/\"},{\"@type\":\"ListItem\",\"position\":3,\"name\":\"Inscription Marathon 2026 &#8211; Tenue Sp\u00e9ciale adulte avec cuissard 3\/4\"}]},{\"@type\":\"WebSite\",\"@id\":\"http:\/\/s293241499.onlinehome.fr\/Luxtrans\/#website\",\"url\":\"http:\/\/s293241499.onlinehome.fr\/Luxtrans\/\",\"name\":\"Luxembourg Transplant\",\"description\":\"Sous le Haut Patronage de Son Altesse Royale la Princesse Claire &amp; Association d&#039;utilit\u00e9 publique\",\"publisher\":{\"@id\":\"http:\/\/s293241499.onlinehome.fr\/Luxtrans\/#organization\"},\"potentialAction\":[{\"@type\":\"SearchAction\",\"target\":{\"@type\":\"EntryPoint\",\"urlTemplate\":\"http:\/\/s293241499.onlinehome.fr\/Luxtrans\/?s={search_term_string}\"},\"query-input\":\"required name=search_term_string\"}],\"inLanguage\":\"fr-FR\"},{\"@type\":\"Organization\",\"@id\":\"http:\/\/s293241499.onlinehome.fr\/Luxtrans\/#organization\",\"name\":\"Luxembourg Transplant\",\"url\":\"http:\/\/s293241499.onlinehome.fr\/Luxtrans\/\",\"logo\":{\"@type\":\"ImageObject\",\"inLanguage\":\"fr-FR\",\"@id\":\"http:\/\/s293241499.onlinehome.fr\/Luxtrans\/#\/schema\/logo\/image\/\",\"url\":\"http:\/\/s293241499.onlinehome.fr\/Luxtrans\/wp-content\/uploads\/2018\/06\/TRANSPLANT_COUL.png\",\"contentUrl\":\"http:\/\/s293241499.onlinehome.fr\/Luxtrans\/wp-content\/uploads\/2018\/06\/TRANSPLANT_COUL.png\",\"width\":2481,\"height\":813,\"caption\":\"Luxembourg Transplant\"},\"image\":{\"@id\":\"http:\/\/s293241499.onlinehome.fr\/Luxtrans\/#\/schema\/logo\/image\/\"}}]}<\/script>\n<!-- \/ Yoast SEO plugin. -->","yoast_head_json":{"title":"Inscription Marathon 2026 - Tenue Sp\u00e9ciale adulte avec cuissard 3\/4 - Luxembourg Transplant","robots":{"index":"index","follow":"follow","max-snippet":"max-snippet:-1","max-image-preview":"max-image-preview:large","max-video-preview":"max-video-preview:-1"},"canonical":"http:\/\/s293241499.onlinehome.fr\/Luxtrans\/produit\/inscription-marathon-2026-adulte-cuissard-long\/","og_locale":"fr_FR","og_type":"article","og_title":"Inscription Marathon 2026 - Tenue Sp\u00e9ciale adulte avec cuissard 3\/4 - Luxembourg Transplant","og_description":"\u00a0 \u00a0\u00a0\u00a0 Exemples des tenues des ann\u00e9es pr\u00e9c\u00e9dentes !!! !!! Chaque tenue command\u00e9e devra \u00eatre pay\u00e9e !!! Information importantes \u00e0 consulter avant commande SVP !!! !!! R\u00e8glement de l&#8217;\u00e9v\u00e9nement absolument \u00e0 lire !!!\u00a0 &nbsp;","og_url":"http:\/\/s293241499.onlinehome.fr\/Luxtrans\/produit\/inscription-marathon-2026-adulte-cuissard-long\/","og_site_name":"Luxembourg Transplant","article_modified_time":"2026-04-26T05:53:15+00:00","og_image":[{"width":100,"height":262,"url":"http:\/\/s293241499.onlinehome.fr\/Luxtrans\/wp-content\/uploads\/2026\/03\/IMG_3593-e1773342679952.jpeg","type":"image\/jpeg"}],"twitter_card":"summary_large_image","twitter_misc":{"Dur\u00e9e de lecture estim\u00e9e":"1 minute"},"schema":{"@context":"https:\/\/schema.org","@graph":[{"@type":"WebPage","@id":"http:\/\/s293241499.onlinehome.fr\/Luxtrans\/produit\/inscription-marathon-2026-adulte-cuissard-long\/","url":"http:\/\/s293241499.onlinehome.fr\/Luxtrans\/produit\/inscription-marathon-2026-adulte-cuissard-long\/","name":"Inscription Marathon 2026 - Tenue Sp\u00e9ciale adulte avec cuissard 3\/4 - Luxembourg Transplant","isPartOf":{"@id":"http:\/\/s293241499.onlinehome.fr\/Luxtrans\/#website"},"datePublished":"2026-03-12T10:23:04+00:00","dateModified":"2026-04-26T05:53:15+00:00","breadcrumb":{"@id":"http:\/\/s293241499.onlinehome.fr\/Luxtrans\/produit\/inscription-marathon-2026-adulte-cuissard-long\/#breadcrumb"},"inLanguage":"fr-FR","potentialAction":[{"@type":"ReadAction","target":["http:\/\/s293241499.onlinehome.fr\/Luxtrans\/produit\/inscription-marathon-2026-adulte-cuissard-long\/"]}]},{"@type":"BreadcrumbList","@id":"http:\/\/s293241499.onlinehome.fr\/Luxtrans\/produit\/inscription-marathon-2026-adulte-cuissard-long\/#breadcrumb","itemListElement":[{"@type":"ListItem","position":1,"name":"Accueil","item":"http:\/\/s293241499.onlinehome.fr\/Luxtrans\/"},{"@type":"ListItem","position":2,"name":"Journ\u00e9e Mondiale du Don d&#8217;organes","item":"http:\/\/s293241499.onlinehome.fr\/Luxtrans\/inscription-marathon-2016\/"},{"@type":"ListItem","position":3,"name":"Inscription Marathon 2026 &#8211; Tenue Sp\u00e9ciale adulte avec cuissard 3\/4"}]},{"@type":"WebSite","@id":"http:\/\/s293241499.onlinehome.fr\/Luxtrans\/#website","url":"http:\/\/s293241499.onlinehome.fr\/Luxtrans\/","name":"Luxembourg Transplant","description":"Sous le Haut Patronage de Son Altesse Royale la Princesse Claire &amp; Association d&#039;utilit\u00e9 publique","publisher":{"@id":"http:\/\/s293241499.onlinehome.fr\/Luxtrans\/#organization"},"potentialAction":[{"@type":"SearchAction","target":{"@type":"EntryPoint","urlTemplate":"http:\/\/s293241499.onlinehome.fr\/Luxtrans\/?s={search_term_string}"},"query-input":"required name=search_term_string"}],"inLanguage":"fr-FR"},{"@type":"Organization","@id":"http:\/\/s293241499.onlinehome.fr\/Luxtrans\/#organization","name":"Luxembourg Transplant","url":"http:\/\/s293241499.onlinehome.fr\/Luxtrans\/","logo":{"@type":"ImageObject","inLanguage":"fr-FR","@id":"http:\/\/s293241499.onlinehome.fr\/Luxtrans\/#\/schema\/logo\/image\/","url":"http:\/\/s293241499.onlinehome.fr\/Luxtrans\/wp-content\/uploads\/2018\/06\/TRANSPLANT_COUL.png","contentUrl":"http:\/\/s293241499.onlinehome.fr\/Luxtrans\/wp-content\/uploads\/2018\/06\/TRANSPLANT_COUL.png","width":2481,"height":813,"caption":"Luxembourg Transplant"},"image":{"@id":"http:\/\/s293241499.onlinehome.fr\/Luxtrans\/#\/schema\/logo\/image\/"}}]}},"_links":{"self":[{"href":"http:\/\/s293241499.onlinehome.fr\/Luxtrans\/wp-json\/wp\/v2\/product\/5833"}],"collection":[{"href":"http:\/\/s293241499.onlinehome.fr\/Luxtrans\/wp-json\/wp\/v2\/product"}],"about":[{"href":"http:\/\/s293241499.onlinehome.fr\/Luxtrans\/wp-json\/wp\/v2\/types\/product"}],"replies":[{"embeddable":true,"href":"http:\/\/s293241499.onlinehome.fr\/Luxtrans\/wp-json\/wp\/v2\/comments?post=5833"}],"wp:featuredmedia":[{"embeddable":true,"href":"http:\/\/s293241499.onlinehome.fr\/Luxtrans\/wp-json\/wp\/v2\/media\/5851"}],"wp:attachment":[{"href":"http:\/\/s293241499.onlinehome.fr\/Luxtrans\/wp-json\/wp\/v2\/media?parent=5833"}],"wp:term":[{"taxonomy":"product_cat","embeddable":true,"href":"http:\/\/s293241499.onlinehome.fr\/Luxtrans\/wp-json\/wp\/v2\/product_cat?post=5833"},{"taxonomy":"product_tag","embeddable":true,"href":"http:\/\/s293241499.onlinehome.fr\/Luxtrans\/wp-json\/wp\/v2\/product_tag?post=5833"}],"curies":[{"name":"wp","href":"https:\/\/api.w.org\/{rel}","templated":true}]}}