{"id":864,"date":"2015-10-22T21:05:33","date_gmt":"2015-10-22T21:05:33","guid":{"rendered":"http:\/\/s293241499.onlinehome.fr\/Luxtrans\/?page_id=864"},"modified":"2016-04-26T18:15:02","modified_gmt":"2016-04-26T18:15:02","slug":"qui-peut-etre-donneur","status":"publish","type":"page","link":"http:\/\/s293241499.onlinehome.fr\/Luxtrans\/qui-peut-etre-donneur\/","title":{"rendered":"Qui peut \u00eatre donneur ?"},"content":{"rendered":"<p><strong>La loi luxembourgeoise pr\u00e9voit le \u00ab consentement pr\u00e9sum\u00e9\u00a0\u00bb<\/strong><\/p>\n<p><u><strong>Chacun d\u2019entre nous est consid\u00e9r\u00e9 comme donneur potentiel<\/strong> <\/u>\u00e0 moins de s\u2019y \u00eatre oppos\u00e9 de son vivant par \u00e9crit. En pratique, l\u2019\u00e9quipe m\u00e9dicale en charge du donneur potentiel, s\u2019efforce de recueillir la position du donneur vis-\u00e0-vis du don d\u2019organes aupr\u00e8s de ses proches. D\u2019o\u00f9 l\u2019int\u00e9r\u00eat d\u2019exprimer sa position et <strong><u>d\u2019adopter le passeport de vie<\/u><\/strong> !<\/p>\n<p>Le don d&#8217;organes n&#8217;est pas limit\u00e9 par l&#8217;\u00e2ge du donneur mais uniquement par son \u00e9tat physique global.<\/p>\n<p>Pour \u00eatre consid\u00e9r\u00e9 comme donneur d&#8217;organes \u00e0 Luxembourg, la personne doit y avoir son domicile l\u00e9gal.<\/p>\n<p><strong>Plusieurs cas de figure sont possibles\u00a0:<\/strong><\/p>\n<ol>\n<li style=\"text-align: justify;\">Le plus souvent il s\u2019agit de patients qui, apr\u00e8s une blessure ou une atteinte c\u00e9r\u00e9brale grave, \u00e9voluent malgr\u00e9 tous les soins fournis vers la mort c\u00e9r\u00e9brale. Le diagnostic de mort c\u00e9r\u00e9brale doit r\u00e9pondre \u00e0 des crit\u00e8res l\u00e9gaux stricts pour t\u00e9moigner de la destruction compl\u00e8te et irr\u00e9versible du cerveau. Gr\u00e2ce aux moyens de r\u00e9animation actuels, le fonctionnement des autres organes peut encore \u00eatre maintenu artificiellement &#8220;en vie&#8221;, jusqu\u2019au pr\u00e9l\u00e8vement.<\/li>\n<li style=\"text-align: justify;\">Lorsqu\u2019un patient passe en arr\u00eat cardiaque, les autres organes sont rapidement endommag\u00e9s et ne peuvent g\u00e9n\u00e9ralement plus \u00eatre greff\u00e9s, pourtant dans certains cas rares, la loi pr\u00e9voit \u00e9galement la possibilit\u00e9 du pr\u00e9l\u00e8vement d\u2019organes chez ce type de patients.<\/li>\n<li style=\"text-align: justify;\">Finalement, des donneurs vivants peuvent donner un rein \u00e0 un membre de leur famille qui souffre d\u2019une atteinte r\u00e9nale terminale.<\/li>\n<\/ol>\n<p style=\"text-align: center;\"><span style=\"color: #ff0000;\">Jeune ou \u00e2g\u00e9, malade ou en bonne sant\u00e9, il n\u2019existe pas de contre-indication de principe au don d\u2019organes et de tissus.<\/span><\/p>\n","protected":false},"excerpt":{"rendered":"<p>La loi luxembourgeoise pr\u00e9voit le \u00ab consentement pr\u00e9sum\u00e9\u00a0\u00bb Chacun d\u2019entre nous est consid\u00e9r\u00e9 comme donneur potentiel \u00e0 moins de s\u2019y \u00eatre oppos\u00e9 de son vivant par \u00e9crit. En pratique, l\u2019\u00e9quipe m\u00e9dicale en charge du donneur potentiel, s\u2019efforce de recueillir la position du donneur vis-\u00e0-vis du don d\u2019organes aupr\u00e8s de ses proches. D\u2019o\u00f9 l\u2019int\u00e9r\u00eat d\u2019exprimer sa [&hellip;]<\/p>\n","protected":false},"author":6,"featured_media":961,"parent":0,"menu_order":0,"comment_status":"open","ping_status":"open","template":"","meta":[],"acf":[],"yoast_head":"<!-- This site is optimized with the Yoast SEO plugin v19.13 - https:\/\/yoast.com\/wordpress\/plugins\/seo\/ -->\n<title>Qui peut \u00eatre donneur ? - Luxembourg Transplant<\/title>\n<meta name=\"robots\" content=\"index, follow, max-snippet:-1, max-image-preview:large, max-video-preview:-1\" \/>\n<link rel=\"canonical\" href=\"http:\/\/s293241499.onlinehome.fr\/Luxtrans\/qui-peut-etre-donneur\/\" \/>\n<meta property=\"og:locale\" content=\"fr_FR\" \/>\n<meta property=\"og:type\" content=\"article\" \/>\n<meta property=\"og:title\" content=\"Qui peut \u00eatre donneur ? - Luxembourg Transplant\" \/>\n<meta property=\"og:description\" content=\"La loi luxembourgeoise pr\u00e9voit le \u00ab consentement pr\u00e9sum\u00e9\u00a0\u00bb Chacun d\u2019entre nous est consid\u00e9r\u00e9 comme donneur potentiel \u00e0 moins de s\u2019y \u00eatre oppos\u00e9 de son vivant par \u00e9crit. En pratique, l\u2019\u00e9quipe m\u00e9dicale en charge du donneur potentiel, s\u2019efforce de recueillir la position du donneur vis-\u00e0-vis du don d\u2019organes aupr\u00e8s de ses proches. D\u2019o\u00f9 l\u2019int\u00e9r\u00eat d\u2019exprimer sa [&hellip;]\" \/>\n<meta property=\"og:url\" content=\"http:\/\/s293241499.onlinehome.fr\/Luxtrans\/qui-peut-etre-donneur\/\" \/>\n<meta property=\"og:site_name\" content=\"Luxembourg Transplant\" \/>\n<meta property=\"article:modified_time\" content=\"2016-04-26T18:15:02+00:00\" \/>\n<meta property=\"og:image\" content=\"http:\/\/s293241499.onlinehome.fr\/Luxtrans\/wp-content\/uploads\/2015\/10\/Unknown.png\" \/>\n\t<meta property=\"og:image:width\" content=\"120\" \/>\n\t<meta property=\"og:image:height\" content=\"82\" \/>\n\t<meta property=\"og:image:type\" content=\"image\/png\" \/>\n<meta name=\"twitter:card\" content=\"summary_large_image\" \/>\n<meta name=\"twitter:label1\" content=\"Dur\u00e9e de lecture estim\u00e9e\" \/>\n\t<meta name=\"twitter:data1\" content=\"1 minute\" \/>\n<script type=\"application\/ld+json\" class=\"yoast-schema-graph\">{\"@context\":\"https:\/\/schema.org\",\"@graph\":[{\"@type\":\"WebPage\",\"@id\":\"http:\/\/s293241499.onlinehome.fr\/Luxtrans\/qui-peut-etre-donneur\/\",\"url\":\"http:\/\/s293241499.onlinehome.fr\/Luxtrans\/qui-peut-etre-donneur\/\",\"name\":\"Qui peut \u00eatre donneur ? - Luxembourg Transplant\",\"isPartOf\":{\"@id\":\"http:\/\/s293241499.onlinehome.fr\/Luxtrans\/#website\"},\"datePublished\":\"2015-10-22T21:05:33+00:00\",\"dateModified\":\"2016-04-26T18:15:02+00:00\",\"breadcrumb\":{\"@id\":\"http:\/\/s293241499.onlinehome.fr\/Luxtrans\/qui-peut-etre-donneur\/#breadcrumb\"},\"inLanguage\":\"fr-FR\",\"potentialAction\":[{\"@type\":\"ReadAction\",\"target\":[\"http:\/\/s293241499.onlinehome.fr\/Luxtrans\/qui-peut-etre-donneur\/\"]}]},{\"@type\":\"BreadcrumbList\",\"@id\":\"http:\/\/s293241499.onlinehome.fr\/Luxtrans\/qui-peut-etre-donneur\/#breadcrumb\",\"itemListElement\":[{\"@type\":\"ListItem\",\"position\":1,\"name\":\"Accueil\",\"item\":\"http:\/\/s293241499.onlinehome.fr\/Luxtrans\/\"},{\"@type\":\"ListItem\",\"position\":2,\"name\":\"Qui peut \u00eatre donneur ?\"}]},{\"@type\":\"WebSite\",\"@id\":\"http:\/\/s293241499.onlinehome.fr\/Luxtrans\/#website\",\"url\":\"http:\/\/s293241499.onlinehome.fr\/Luxtrans\/\",\"name\":\"Luxembourg Transplant\",\"description\":\"Sous le Haut Patronage de Son Altesse Royale la Princesse Claire &amp; Association d&#039;utilit\u00e9 publique\",\"publisher\":{\"@id\":\"http:\/\/s293241499.onlinehome.fr\/Luxtrans\/#organization\"},\"potentialAction\":[{\"@type\":\"SearchAction\",\"target\":{\"@type\":\"EntryPoint\",\"urlTemplate\":\"http:\/\/s293241499.onlinehome.fr\/Luxtrans\/?s={search_term_string}\"},\"query-input\":\"required name=search_term_string\"}],\"inLanguage\":\"fr-FR\"},{\"@type\":\"Organization\",\"@id\":\"http:\/\/s293241499.onlinehome.fr\/Luxtrans\/#organization\",\"name\":\"Luxembourg Transplant\",\"url\":\"http:\/\/s293241499.onlinehome.fr\/Luxtrans\/\",\"logo\":{\"@type\":\"ImageObject\",\"inLanguage\":\"fr-FR\",\"@id\":\"http:\/\/s293241499.onlinehome.fr\/Luxtrans\/#\/schema\/logo\/image\/\",\"url\":\"http:\/\/s293241499.onlinehome.fr\/Luxtrans\/wp-content\/uploads\/2018\/06\/TRANSPLANT_COUL.png\",\"contentUrl\":\"http:\/\/s293241499.onlinehome.fr\/Luxtrans\/wp-content\/uploads\/2018\/06\/TRANSPLANT_COUL.png\",\"width\":2481,\"height\":813,\"caption\":\"Luxembourg Transplant\"},\"image\":{\"@id\":\"http:\/\/s293241499.onlinehome.fr\/Luxtrans\/#\/schema\/logo\/image\/\"}}]}<\/script>\n<!-- \/ Yoast SEO plugin. -->","yoast_head_json":{"title":"Qui peut \u00eatre donneur ? - Luxembourg Transplant","robots":{"index":"index","follow":"follow","max-snippet":"max-snippet:-1","max-image-preview":"max-image-preview:large","max-video-preview":"max-video-preview:-1"},"canonical":"http:\/\/s293241499.onlinehome.fr\/Luxtrans\/qui-peut-etre-donneur\/","og_locale":"fr_FR","og_type":"article","og_title":"Qui peut \u00eatre donneur ? - Luxembourg Transplant","og_description":"La loi luxembourgeoise pr\u00e9voit le \u00ab consentement pr\u00e9sum\u00e9\u00a0\u00bb Chacun d\u2019entre nous est consid\u00e9r\u00e9 comme donneur potentiel \u00e0 moins de s\u2019y \u00eatre oppos\u00e9 de son vivant par \u00e9crit. En pratique, l\u2019\u00e9quipe m\u00e9dicale en charge du donneur potentiel, s\u2019efforce de recueillir la position du donneur vis-\u00e0-vis du don d\u2019organes aupr\u00e8s de ses proches. D\u2019o\u00f9 l\u2019int\u00e9r\u00eat d\u2019exprimer sa [&hellip;]","og_url":"http:\/\/s293241499.onlinehome.fr\/Luxtrans\/qui-peut-etre-donneur\/","og_site_name":"Luxembourg Transplant","article_modified_time":"2016-04-26T18:15:02+00:00","og_image":[{"width":120,"height":82,"url":"http:\/\/s293241499.onlinehome.fr\/Luxtrans\/wp-content\/uploads\/2015\/10\/Unknown.png","type":"image\/png"}],"twitter_card":"summary_large_image","twitter_misc":{"Dur\u00e9e de lecture estim\u00e9e":"1 minute"},"schema":{"@context":"https:\/\/schema.org","@graph":[{"@type":"WebPage","@id":"http:\/\/s293241499.onlinehome.fr\/Luxtrans\/qui-peut-etre-donneur\/","url":"http:\/\/s293241499.onlinehome.fr\/Luxtrans\/qui-peut-etre-donneur\/","name":"Qui peut \u00eatre donneur ? - Luxembourg Transplant","isPartOf":{"@id":"http:\/\/s293241499.onlinehome.fr\/Luxtrans\/#website"},"datePublished":"2015-10-22T21:05:33+00:00","dateModified":"2016-04-26T18:15:02+00:00","breadcrumb":{"@id":"http:\/\/s293241499.onlinehome.fr\/Luxtrans\/qui-peut-etre-donneur\/#breadcrumb"},"inLanguage":"fr-FR","potentialAction":[{"@type":"ReadAction","target":["http:\/\/s293241499.onlinehome.fr\/Luxtrans\/qui-peut-etre-donneur\/"]}]},{"@type":"BreadcrumbList","@id":"http:\/\/s293241499.onlinehome.fr\/Luxtrans\/qui-peut-etre-donneur\/#breadcrumb","itemListElement":[{"@type":"ListItem","position":1,"name":"Accueil","item":"http:\/\/s293241499.onlinehome.fr\/Luxtrans\/"},{"@type":"ListItem","position":2,"name":"Qui peut \u00eatre donneur ?"}]},{"@type":"WebSite","@id":"http:\/\/s293241499.onlinehome.fr\/Luxtrans\/#website","url":"http:\/\/s293241499.onlinehome.fr\/Luxtrans\/","name":"Luxembourg Transplant","description":"Sous le Haut Patronage de Son Altesse Royale la Princesse Claire &amp; Association d&#039;utilit\u00e9 publique","publisher":{"@id":"http:\/\/s293241499.onlinehome.fr\/Luxtrans\/#organization"},"potentialAction":[{"@type":"SearchAction","target":{"@type":"EntryPoint","urlTemplate":"http:\/\/s293241499.onlinehome.fr\/Luxtrans\/?s={search_term_string}"},"query-input":"required name=search_term_string"}],"inLanguage":"fr-FR"},{"@type":"Organization","@id":"http:\/\/s293241499.onlinehome.fr\/Luxtrans\/#organization","name":"Luxembourg Transplant","url":"http:\/\/s293241499.onlinehome.fr\/Luxtrans\/","logo":{"@type":"ImageObject","inLanguage":"fr-FR","@id":"http:\/\/s293241499.onlinehome.fr\/Luxtrans\/#\/schema\/logo\/image\/","url":"http:\/\/s293241499.onlinehome.fr\/Luxtrans\/wp-content\/uploads\/2018\/06\/TRANSPLANT_COUL.png","contentUrl":"http:\/\/s293241499.onlinehome.fr\/Luxtrans\/wp-content\/uploads\/2018\/06\/TRANSPLANT_COUL.png","width":2481,"height":813,"caption":"Luxembourg Transplant"},"image":{"@id":"http:\/\/s293241499.onlinehome.fr\/Luxtrans\/#\/schema\/logo\/image\/"}}]}},"_links":{"self":[{"href":"http:\/\/s293241499.onlinehome.fr\/Luxtrans\/wp-json\/wp\/v2\/pages\/864"}],"collection":[{"href":"http:\/\/s293241499.onlinehome.fr\/Luxtrans\/wp-json\/wp\/v2\/pages"}],"about":[{"href":"http:\/\/s293241499.onlinehome.fr\/Luxtrans\/wp-json\/wp\/v2\/types\/page"}],"author":[{"embeddable":true,"href":"http:\/\/s293241499.onlinehome.fr\/Luxtrans\/wp-json\/wp\/v2\/users\/6"}],"replies":[{"embeddable":true,"href":"http:\/\/s293241499.onlinehome.fr\/Luxtrans\/wp-json\/wp\/v2\/comments?post=864"}],"version-history":[{"count":12,"href":"http:\/\/s293241499.onlinehome.fr\/Luxtrans\/wp-json\/wp\/v2\/pages\/864\/revisions"}],"predecessor-version":[{"id":1557,"href":"http:\/\/s293241499.onlinehome.fr\/Luxtrans\/wp-json\/wp\/v2\/pages\/864\/revisions\/1557"}],"wp:featuredmedia":[{"embeddable":true,"href":"http:\/\/s293241499.onlinehome.fr\/Luxtrans\/wp-json\/wp\/v2\/media\/961"}],"wp:attachment":[{"href":"http:\/\/s293241499.onlinehome.fr\/Luxtrans\/wp-json\/wp\/v2\/media?parent=864"}],"curies":[{"name":"wp","href":"https:\/\/api.w.org\/{rel}","templated":true}]}}