{"id":844,"date":"2015-10-05T17:10:03","date_gmt":"2015-10-05T17:10:03","guid":{"rendered":"http:\/\/s293241499.onlinehome.fr\/Luxtrans\/?page_id=844"},"modified":"2016-04-12T08:45:32","modified_gmt":"2016-04-12T08:45:32","slug":"contact","status":"publish","type":"page","link":"http:\/\/s293241499.onlinehome.fr\/Luxtrans\/contact\/","title":{"rendered":"Contact"},"content":{"rendered":"<p>Luxembourg Transplant<br \/>\n4, rue Barbl\u00e9<br \/>\nL-1210 Luxembourg<br \/>\nEmail: luxtransplant@gmail.com<br \/>\nTel: +352 4411 8156 \u00a0ou +352 4411 6548<\/p>\n<div id=\"usermessage2a\" class=\"cf_info \"><\/div><form enctype=\"multipart\/form-data\" action=\"\/Luxtrans\/wp-json\/wp\/v2\/pages\/844#usermessage2a\" method=\"post\" class=\"cform contact \" id=\"cforms2form\"><fieldset class=\"cf-fs1\" style=\"\"><legend>Contactez-nous<\/legend><ol class=\"cf-ol\"><li id=\"li-2-2\" class=\"\"><label id=\"label-2-2\" for=\"cf2_field_2\"><span>Nom<\/span><\/label><input type=\"text\" name=\"cf2_field_2\" id=\"cf2_field_2\" class=\"single fldrequired\" value=\"\" onfocus=\"clearField(this)\" onblur=\"setField(this)\" title=\"\"\/><span class=\"reqtxt\">(obligatoire)<\/span><\/li><li id=\"li-2-3\" class=\"\"><label id=\"label-2-3\" for=\"cf2_field_3\"><span>Pr\u00e9nom<\/span><\/label><input type=\"text\" name=\"cf2_field_3\" id=\"cf2_field_3\" class=\"single fldrequired\" value=\"\" onfocus=\"clearField(this)\" onblur=\"setField(this)\" title=\"\"\/><span class=\"reqtxt\">(obligatoire)<\/span><\/li><li id=\"li-2-4\" class=\"\"><label id=\"label-2-4\" for=\"cf2_field_4\"><span>Num\u00e9ro de t\u00e9l\u00e9phone<\/span><\/label><input type=\"text\" name=\"cf2_field_4\" id=\"cf2_field_4\" class=\"single fldrequired\" value=\"\" onfocus=\"clearField(this)\" onblur=\"setField(this)\" title=\"\"\/><span class=\"reqtxt\">(obligatoire)<\/span><\/li><li id=\"li-2-5\" class=\"\"><label id=\"label-2-5\" for=\"cf2_field_5\"><span>Email<\/span><\/label><input type=\"text\" name=\"cf2_field_5\" id=\"cf2_field_5\" class=\"single fldemail fldrequired\" value=\"\" title=\"\"\/><span class=\"emailreqtxt\">(email valide obligatoire)<\/span><\/li><li id=\"li-2-6\" class=\"\"><label id=\"label-2-6\" for=\"cf2_field_6\"><span>Sujet<\/span><\/label><input type=\"text\" name=\"cf2_field_6\" id=\"cf2_field_6\" class=\"single fldrequired\" value=\"\" title=\"\"\/><span class=\"reqtxt\">(obligatoire)<\/span><\/li><li id=\"li-2-7\" class=\"\"><label id=\"label-2-7\" for=\"cf2_field_7\"><span>Texte<\/span><\/label><textarea cols=\"30\" rows=\"8\" name=\"cf2_field_7\" id=\"cf2_field_7\" class=\"area\" title=\"\"><\/textarea><\/li><\/ol><\/fieldset><fieldset class=\"cf_hidden\"><legend>&nbsp;<\/legend><input type=\"hidden\" name=\"cf_working2\" id=\"cf_working2\" value=\"<span>Veuillez patienter...<\/span>\"\/><input type=\"hidden\" name=\"cf_failure2\" id=\"cf_failure2\" value=\"<span>Veuillez compl\u00e9ter tous les champs obligatoires.<\/span>\"\/><input type=\"hidden\" name=\"cf_customerr2\" id=\"cf_customerr2\" value=\"y\"\/><\/fieldset><p class=\"cf-sb\"><input type=\"submit\" name=\"sendbutton2\" id=\"sendbutton2\" class=\"sendbutton\" value=\"Envoyer\" \/><\/p><\/form>\n<p>&nbsp;<\/p>\n","protected":false},"excerpt":{"rendered":"<p>Luxembourg Transplant 4, rue Barbl\u00e9 L-1210 Luxembourg Email: luxtransplant@gmail.com Tel: +352 4411 8156 \u00a0ou +352 4411 6548 &nbsp;<\/p>\n","protected":false},"author":1,"featured_media":0,"parent":0,"menu_order":0,"comment_status":"open","ping_status":"open","template":"","meta":[],"acf":[],"yoast_head":"<!-- This site is optimized with the Yoast SEO plugin v19.13 - https:\/\/yoast.com\/wordpress\/plugins\/seo\/ -->\n<title>Contact - Luxembourg Transplant<\/title>\n<meta name=\"robots\" content=\"index, follow, max-snippet:-1, max-image-preview:large, max-video-preview:-1\" \/>\n<link rel=\"canonical\" href=\"http:\/\/s293241499.onlinehome.fr\/Luxtrans\/contact\/\" \/>\n<meta property=\"og:locale\" content=\"fr_FR\" \/>\n<meta property=\"og:type\" content=\"article\" \/>\n<meta property=\"og:title\" content=\"Contact - Luxembourg Transplant\" \/>\n<meta property=\"og:description\" content=\"Luxembourg Transplant 4, rue Barbl\u00e9 L-1210 Luxembourg Email: luxtransplant@gmail.com Tel: +352 4411 8156 \u00a0ou +352 4411 6548 &nbsp;\" \/>\n<meta property=\"og:url\" content=\"http:\/\/s293241499.onlinehome.fr\/Luxtrans\/contact\/\" \/>\n<meta property=\"og:site_name\" content=\"Luxembourg Transplant\" \/>\n<meta property=\"article:modified_time\" content=\"2016-04-12T08:45:32+00:00\" \/>\n<meta name=\"twitter:card\" content=\"summary_large_image\" \/>\n<script type=\"application\/ld+json\" class=\"yoast-schema-graph\">{\"@context\":\"https:\/\/schema.org\",\"@graph\":[{\"@type\":\"WebPage\",\"@id\":\"http:\/\/s293241499.onlinehome.fr\/Luxtrans\/contact\/\",\"url\":\"http:\/\/s293241499.onlinehome.fr\/Luxtrans\/contact\/\",\"name\":\"Contact - Luxembourg Transplant\",\"isPartOf\":{\"@id\":\"http:\/\/s293241499.onlinehome.fr\/Luxtrans\/#website\"},\"datePublished\":\"2015-10-05T17:10:03+00:00\",\"dateModified\":\"2016-04-12T08:45:32+00:00\",\"breadcrumb\":{\"@id\":\"http:\/\/s293241499.onlinehome.fr\/Luxtrans\/contact\/#breadcrumb\"},\"inLanguage\":\"fr-FR\",\"potentialAction\":[{\"@type\":\"ReadAction\",\"target\":[\"http:\/\/s293241499.onlinehome.fr\/Luxtrans\/contact\/\"]}]},{\"@type\":\"BreadcrumbList\",\"@id\":\"http:\/\/s293241499.onlinehome.fr\/Luxtrans\/contact\/#breadcrumb\",\"itemListElement\":[{\"@type\":\"ListItem\",\"position\":1,\"name\":\"Accueil\",\"item\":\"http:\/\/s293241499.onlinehome.fr\/Luxtrans\/\"},{\"@type\":\"ListItem\",\"position\":2,\"name\":\"Contact\"}]},{\"@type\":\"WebSite\",\"@id\":\"http:\/\/s293241499.onlinehome.fr\/Luxtrans\/#website\",\"url\":\"http:\/\/s293241499.onlinehome.fr\/Luxtrans\/\",\"name\":\"Luxembourg Transplant\",\"description\":\"Sous le Haut Patronage de Son Altesse Royale la Princesse Claire &amp; Association d&#039;utilit\u00e9 publique\",\"publisher\":{\"@id\":\"http:\/\/s293241499.onlinehome.fr\/Luxtrans\/#organization\"},\"potentialAction\":[{\"@type\":\"SearchAction\",\"target\":{\"@type\":\"EntryPoint\",\"urlTemplate\":\"http:\/\/s293241499.onlinehome.fr\/Luxtrans\/?s={search_term_string}\"},\"query-input\":\"required name=search_term_string\"}],\"inLanguage\":\"fr-FR\"},{\"@type\":\"Organization\",\"@id\":\"http:\/\/s293241499.onlinehome.fr\/Luxtrans\/#organization\",\"name\":\"Luxembourg Transplant\",\"url\":\"http:\/\/s293241499.onlinehome.fr\/Luxtrans\/\",\"logo\":{\"@type\":\"ImageObject\",\"inLanguage\":\"fr-FR\",\"@id\":\"http:\/\/s293241499.onlinehome.fr\/Luxtrans\/#\/schema\/logo\/image\/\",\"url\":\"http:\/\/s293241499.onlinehome.fr\/Luxtrans\/wp-content\/uploads\/2018\/06\/TRANSPLANT_COUL.png\",\"contentUrl\":\"http:\/\/s293241499.onlinehome.fr\/Luxtrans\/wp-content\/uploads\/2018\/06\/TRANSPLANT_COUL.png\",\"width\":2481,\"height\":813,\"caption\":\"Luxembourg Transplant\"},\"image\":{\"@id\":\"http:\/\/s293241499.onlinehome.fr\/Luxtrans\/#\/schema\/logo\/image\/\"}}]}<\/script>\n<!-- \/ Yoast SEO plugin. -->","yoast_head_json":{"title":"Contact - Luxembourg Transplant","robots":{"index":"index","follow":"follow","max-snippet":"max-snippet:-1","max-image-preview":"max-image-preview:large","max-video-preview":"max-video-preview:-1"},"canonical":"http:\/\/s293241499.onlinehome.fr\/Luxtrans\/contact\/","og_locale":"fr_FR","og_type":"article","og_title":"Contact - Luxembourg Transplant","og_description":"Luxembourg Transplant 4, rue Barbl\u00e9 L-1210 Luxembourg Email: luxtransplant@gmail.com Tel: +352 4411 8156 \u00a0ou +352 4411 6548 &nbsp;","og_url":"http:\/\/s293241499.onlinehome.fr\/Luxtrans\/contact\/","og_site_name":"Luxembourg Transplant","article_modified_time":"2016-04-12T08:45:32+00:00","twitter_card":"summary_large_image","schema":{"@context":"https:\/\/schema.org","@graph":[{"@type":"WebPage","@id":"http:\/\/s293241499.onlinehome.fr\/Luxtrans\/contact\/","url":"http:\/\/s293241499.onlinehome.fr\/Luxtrans\/contact\/","name":"Contact - Luxembourg Transplant","isPartOf":{"@id":"http:\/\/s293241499.onlinehome.fr\/Luxtrans\/#website"},"datePublished":"2015-10-05T17:10:03+00:00","dateModified":"2016-04-12T08:45:32+00:00","breadcrumb":{"@id":"http:\/\/s293241499.onlinehome.fr\/Luxtrans\/contact\/#breadcrumb"},"inLanguage":"fr-FR","potentialAction":[{"@type":"ReadAction","target":["http:\/\/s293241499.onlinehome.fr\/Luxtrans\/contact\/"]}]},{"@type":"BreadcrumbList","@id":"http:\/\/s293241499.onlinehome.fr\/Luxtrans\/contact\/#breadcrumb","itemListElement":[{"@type":"ListItem","position":1,"name":"Accueil","item":"http:\/\/s293241499.onlinehome.fr\/Luxtrans\/"},{"@type":"ListItem","position":2,"name":"Contact"}]},{"@type":"WebSite","@id":"http:\/\/s293241499.onlinehome.fr\/Luxtrans\/#website","url":"http:\/\/s293241499.onlinehome.fr\/Luxtrans\/","name":"Luxembourg Transplant","description":"Sous le Haut Patronage de Son Altesse Royale la Princesse Claire &amp; Association d&#039;utilit\u00e9 publique","publisher":{"@id":"http:\/\/s293241499.onlinehome.fr\/Luxtrans\/#organization"},"potentialAction":[{"@type":"SearchAction","target":{"@type":"EntryPoint","urlTemplate":"http:\/\/s293241499.onlinehome.fr\/Luxtrans\/?s={search_term_string}"},"query-input":"required name=search_term_string"}],"inLanguage":"fr-FR"},{"@type":"Organization","@id":"http:\/\/s293241499.onlinehome.fr\/Luxtrans\/#organization","name":"Luxembourg Transplant","url":"http:\/\/s293241499.onlinehome.fr\/Luxtrans\/","logo":{"@type":"ImageObject","inLanguage":"fr-FR","@id":"http:\/\/s293241499.onlinehome.fr\/Luxtrans\/#\/schema\/logo\/image\/","url":"http:\/\/s293241499.onlinehome.fr\/Luxtrans\/wp-content\/uploads\/2018\/06\/TRANSPLANT_COUL.png","contentUrl":"http:\/\/s293241499.onlinehome.fr\/Luxtrans\/wp-content\/uploads\/2018\/06\/TRANSPLANT_COUL.png","width":2481,"height":813,"caption":"Luxembourg Transplant"},"image":{"@id":"http:\/\/s293241499.onlinehome.fr\/Luxtrans\/#\/schema\/logo\/image\/"}}]}},"_links":{"self":[{"href":"http:\/\/s293241499.onlinehome.fr\/Luxtrans\/wp-json\/wp\/v2\/pages\/844"}],"collection":[{"href":"http:\/\/s293241499.onlinehome.fr\/Luxtrans\/wp-json\/wp\/v2\/pages"}],"about":[{"href":"http:\/\/s293241499.onlinehome.fr\/Luxtrans\/wp-json\/wp\/v2\/types\/page"}],"author":[{"embeddable":true,"href":"http:\/\/s293241499.onlinehome.fr\/Luxtrans\/wp-json\/wp\/v2\/users\/1"}],"replies":[{"embeddable":true,"href":"http:\/\/s293241499.onlinehome.fr\/Luxtrans\/wp-json\/wp\/v2\/comments?post=844"}],"version-history":[{"count":7,"href":"http:\/\/s293241499.onlinehome.fr\/Luxtrans\/wp-json\/wp\/v2\/pages\/844\/revisions"}],"predecessor-version":[{"id":1391,"href":"http:\/\/s293241499.onlinehome.fr\/Luxtrans\/wp-json\/wp\/v2\/pages\/844\/revisions\/1391"}],"wp:attachment":[{"href":"http:\/\/s293241499.onlinehome.fr\/Luxtrans\/wp-json\/wp\/v2\/media?parent=844"}],"curies":[{"name":"wp","href":"https:\/\/api.w.org\/{rel}","templated":true}]}}