{"id":841,"date":"2015-10-05T17:06:23","date_gmt":"2015-10-05T17:06:23","guid":{"rendered":"http:\/\/s293241499.onlinehome.fr\/Luxtrans\/?page_id=841"},"modified":"2024-03-13T11:13:17","modified_gmt":"2024-03-13T11:13:17","slug":"luxembourg-transplant","status":"publish","type":"page","link":"http:\/\/s293241499.onlinehome.fr\/Luxtrans\/presentation\/luxembourg-transplant\/","title":{"rendered":"Luxembourg Transplant"},"content":{"rendered":"<p style=\"text-align: justify;\"><span style=\"color: #000000;\">Luxembourg Transplant est une association sans but lucratif fond\u00e9e en 1983 reconnue d&#8217;utilit\u00e9 publique depuis le 10 Janvier 2024. <\/span><span style=\"color: #000000;\">Agr\u00e9\u00e9e par le Minist\u00e8re de la Sant\u00e9 et affili\u00e9e \u00e0 Eurotransplant Fondation. L&#8217;activit\u00e9 de pr\u00e9l\u00e8vement d&#8217;organes au Grand Duch\u00e9 du Luxembourg est du ressort de Luxembourg Transplant.<\/span><\/p>\n<p style=\"text-align: justify;\"><span style=\"color: #000000;\">De 1983 jusqu&#8217;en 2010 l&#8217;association a coordonn\u00e9 l&#8217;activit\u00e9 de transplantation r\u00e9nale. Depuis 2010 les transplantations ne sont plus faites au Luxembourg n\u00e9anmoins les patients r\u00e9sidants au Grand-Duch\u00e9 sont r\u00e9f\u00e9r\u00e9s dans les centres de transplantations des pays limitrophes.<\/span><\/p>\n<p style=\"text-align: justify;\"><span style=\"color: #000000;\">Ses Missions<\/span><\/p>\n<p style=\"text-align: justify;\"><span style=\"color: #000000;\">1.Coordination des dons \/ pr\u00e9l\u00e8vements d&#8217;organes<\/span><\/p>\n<p style=\"text-align: justify;\"><span style=\"color: #000000;\">2.Organisation des formations pour les professionnels de sant\u00e9 dans les diff\u00e9rents h\u00f4pitaux luxembourgeois<\/span><\/p>\n<p style=\"text-align: justify;\"><span style=\"color: #000000;\">3.Promouvoir le don d&#8217;organes<\/span><\/p>\n<p style=\"text-align: justify;\"><span style=\"color: #000000;\">4.Organisation des campagnes de sensibilisation du grand public au don d&#8217;organes \u00e0 travers tout le pays<\/span><\/p>\n<p style=\"text-align: justify;\"><span style=\"color: #000000;\">5.Consultation pr\u00e9-greffe avec les patients luxembourgeois ( Organisation de leur transport vers les centres de transplantation \u00e0 l&#8217;\u00e9tranger lors de l&#8217;appel )<\/span><\/p>\n","protected":false},"excerpt":{"rendered":"<p>Luxembourg Transplant est une association sans but lucratif fond\u00e9e en 1983 reconnue d&#8217;utilit\u00e9 publique depuis le 10 Janvier 2024. Agr\u00e9\u00e9e par le Minist\u00e8re de la Sant\u00e9 et affili\u00e9e \u00e0 Eurotransplant Fondation. L&#8217;activit\u00e9 de pr\u00e9l\u00e8vement d&#8217;organes au Grand Duch\u00e9 du Luxembourg est du ressort de Luxembourg Transplant. De 1983 jusqu&#8217;en 2010 l&#8217;association a coordonn\u00e9 l&#8217;activit\u00e9 de [&hellip;]<\/p>\n","protected":false},"author":1,"featured_media":0,"parent":780,"menu_order":0,"comment_status":"open","ping_status":"open","template":"","meta":[],"acf":[],"yoast_head":"<!-- This site is optimized with the Yoast SEO plugin v19.13 - https:\/\/yoast.com\/wordpress\/plugins\/seo\/ -->\n<title>Luxembourg Transplant - Luxembourg Transplant<\/title>\n<meta name=\"robots\" content=\"index, follow, max-snippet:-1, max-image-preview:large, max-video-preview:-1\" \/>\n<link rel=\"canonical\" href=\"http:\/\/s293241499.onlinehome.fr\/Luxtrans\/presentation\/luxembourg-transplant\/\" \/>\n<meta property=\"og:locale\" content=\"fr_FR\" \/>\n<meta property=\"og:type\" content=\"article\" \/>\n<meta property=\"og:title\" content=\"Luxembourg Transplant - Luxembourg Transplant\" \/>\n<meta property=\"og:description\" content=\"Luxembourg Transplant est une association sans but lucratif fond\u00e9e en 1983 reconnue d&#8217;utilit\u00e9 publique depuis le 10 Janvier 2024. Agr\u00e9\u00e9e par le Minist\u00e8re de la Sant\u00e9 et affili\u00e9e \u00e0 Eurotransplant Fondation. L&#8217;activit\u00e9 de pr\u00e9l\u00e8vement d&#8217;organes au Grand Duch\u00e9 du Luxembourg est du ressort de Luxembourg Transplant. De 1983 jusqu&#8217;en 2010 l&#8217;association a coordonn\u00e9 l&#8217;activit\u00e9 de [&hellip;]\" \/>\n<meta property=\"og:url\" content=\"http:\/\/s293241499.onlinehome.fr\/Luxtrans\/presentation\/luxembourg-transplant\/\" \/>\n<meta property=\"og:site_name\" content=\"Luxembourg Transplant\" \/>\n<meta property=\"article:modified_time\" content=\"2024-03-13T11:13:17+00:00\" \/>\n<meta name=\"twitter:card\" content=\"summary_large_image\" \/>\n<meta name=\"twitter:label1\" content=\"Dur\u00e9e de lecture estim\u00e9e\" \/>\n\t<meta name=\"twitter:data1\" content=\"1 minute\" \/>\n<script type=\"application\/ld+json\" class=\"yoast-schema-graph\">{\"@context\":\"https:\/\/schema.org\",\"@graph\":[{\"@type\":\"WebPage\",\"@id\":\"http:\/\/s293241499.onlinehome.fr\/Luxtrans\/presentation\/luxembourg-transplant\/\",\"url\":\"http:\/\/s293241499.onlinehome.fr\/Luxtrans\/presentation\/luxembourg-transplant\/\",\"name\":\"Luxembourg Transplant - Luxembourg Transplant\",\"isPartOf\":{\"@id\":\"http:\/\/s293241499.onlinehome.fr\/Luxtrans\/#website\"},\"datePublished\":\"2015-10-05T17:06:23+00:00\",\"dateModified\":\"2024-03-13T11:13:17+00:00\",\"breadcrumb\":{\"@id\":\"http:\/\/s293241499.onlinehome.fr\/Luxtrans\/presentation\/luxembourg-transplant\/#breadcrumb\"},\"inLanguage\":\"fr-FR\",\"potentialAction\":[{\"@type\":\"ReadAction\",\"target\":[\"http:\/\/s293241499.onlinehome.fr\/Luxtrans\/presentation\/luxembourg-transplant\/\"]}]},{\"@type\":\"BreadcrumbList\",\"@id\":\"http:\/\/s293241499.onlinehome.fr\/Luxtrans\/presentation\/luxembourg-transplant\/#breadcrumb\",\"itemListElement\":[{\"@type\":\"ListItem\",\"position\":1,\"name\":\"Accueil\",\"item\":\"http:\/\/s293241499.onlinehome.fr\/Luxtrans\/\"},{\"@type\":\"ListItem\",\"position\":2,\"name\":\"Pr\u00e9sentation\",\"item\":\"http:\/\/s293241499.onlinehome.fr\/Luxtrans\/presentation\/\"},{\"@type\":\"ListItem\",\"position\":3,\"name\":\"Luxembourg Transplant\"}]},{\"@type\":\"WebSite\",\"@id\":\"http:\/\/s293241499.onlinehome.fr\/Luxtrans\/#website\",\"url\":\"http:\/\/s293241499.onlinehome.fr\/Luxtrans\/\",\"name\":\"Luxembourg Transplant\",\"description\":\"Sous le Haut Patronage de Son Altesse Royale la Princesse Claire &amp; Association d&#039;utilit\u00e9 publique\",\"publisher\":{\"@id\":\"http:\/\/s293241499.onlinehome.fr\/Luxtrans\/#organization\"},\"potentialAction\":[{\"@type\":\"SearchAction\",\"target\":{\"@type\":\"EntryPoint\",\"urlTemplate\":\"http:\/\/s293241499.onlinehome.fr\/Luxtrans\/?s={search_term_string}\"},\"query-input\":\"required name=search_term_string\"}],\"inLanguage\":\"fr-FR\"},{\"@type\":\"Organization\",\"@id\":\"http:\/\/s293241499.onlinehome.fr\/Luxtrans\/#organization\",\"name\":\"Luxembourg Transplant\",\"url\":\"http:\/\/s293241499.onlinehome.fr\/Luxtrans\/\",\"logo\":{\"@type\":\"ImageObject\",\"inLanguage\":\"fr-FR\",\"@id\":\"http:\/\/s293241499.onlinehome.fr\/Luxtrans\/#\/schema\/logo\/image\/\",\"url\":\"http:\/\/s293241499.onlinehome.fr\/Luxtrans\/wp-content\/uploads\/2018\/06\/TRANSPLANT_COUL.png\",\"contentUrl\":\"http:\/\/s293241499.onlinehome.fr\/Luxtrans\/wp-content\/uploads\/2018\/06\/TRANSPLANT_COUL.png\",\"width\":2481,\"height\":813,\"caption\":\"Luxembourg Transplant\"},\"image\":{\"@id\":\"http:\/\/s293241499.onlinehome.fr\/Luxtrans\/#\/schema\/logo\/image\/\"}}]}<\/script>\n<!-- \/ Yoast SEO plugin. -->","yoast_head_json":{"title":"Luxembourg Transplant - Luxembourg Transplant","robots":{"index":"index","follow":"follow","max-snippet":"max-snippet:-1","max-image-preview":"max-image-preview:large","max-video-preview":"max-video-preview:-1"},"canonical":"http:\/\/s293241499.onlinehome.fr\/Luxtrans\/presentation\/luxembourg-transplant\/","og_locale":"fr_FR","og_type":"article","og_title":"Luxembourg Transplant - Luxembourg Transplant","og_description":"Luxembourg Transplant est une association sans but lucratif fond\u00e9e en 1983 reconnue d&#8217;utilit\u00e9 publique depuis le 10 Janvier 2024. Agr\u00e9\u00e9e par le Minist\u00e8re de la Sant\u00e9 et affili\u00e9e \u00e0 Eurotransplant Fondation. L&#8217;activit\u00e9 de pr\u00e9l\u00e8vement d&#8217;organes au Grand Duch\u00e9 du Luxembourg est du ressort de Luxembourg Transplant. De 1983 jusqu&#8217;en 2010 l&#8217;association a coordonn\u00e9 l&#8217;activit\u00e9 de [&hellip;]","og_url":"http:\/\/s293241499.onlinehome.fr\/Luxtrans\/presentation\/luxembourg-transplant\/","og_site_name":"Luxembourg Transplant","article_modified_time":"2024-03-13T11:13:17+00:00","twitter_card":"summary_large_image","twitter_misc":{"Dur\u00e9e de lecture estim\u00e9e":"1 minute"},"schema":{"@context":"https:\/\/schema.org","@graph":[{"@type":"WebPage","@id":"http:\/\/s293241499.onlinehome.fr\/Luxtrans\/presentation\/luxembourg-transplant\/","url":"http:\/\/s293241499.onlinehome.fr\/Luxtrans\/presentation\/luxembourg-transplant\/","name":"Luxembourg Transplant - Luxembourg Transplant","isPartOf":{"@id":"http:\/\/s293241499.onlinehome.fr\/Luxtrans\/#website"},"datePublished":"2015-10-05T17:06:23+00:00","dateModified":"2024-03-13T11:13:17+00:00","breadcrumb":{"@id":"http:\/\/s293241499.onlinehome.fr\/Luxtrans\/presentation\/luxembourg-transplant\/#breadcrumb"},"inLanguage":"fr-FR","potentialAction":[{"@type":"ReadAction","target":["http:\/\/s293241499.onlinehome.fr\/Luxtrans\/presentation\/luxembourg-transplant\/"]}]},{"@type":"BreadcrumbList","@id":"http:\/\/s293241499.onlinehome.fr\/Luxtrans\/presentation\/luxembourg-transplant\/#breadcrumb","itemListElement":[{"@type":"ListItem","position":1,"name":"Accueil","item":"http:\/\/s293241499.onlinehome.fr\/Luxtrans\/"},{"@type":"ListItem","position":2,"name":"Pr\u00e9sentation","item":"http:\/\/s293241499.onlinehome.fr\/Luxtrans\/presentation\/"},{"@type":"ListItem","position":3,"name":"Luxembourg Transplant"}]},{"@type":"WebSite","@id":"http:\/\/s293241499.onlinehome.fr\/Luxtrans\/#website","url":"http:\/\/s293241499.onlinehome.fr\/Luxtrans\/","name":"Luxembourg Transplant","description":"Sous le Haut Patronage de Son Altesse Royale la Princesse Claire &amp; Association d&#039;utilit\u00e9 publique","publisher":{"@id":"http:\/\/s293241499.onlinehome.fr\/Luxtrans\/#organization"},"potentialAction":[{"@type":"SearchAction","target":{"@type":"EntryPoint","urlTemplate":"http:\/\/s293241499.onlinehome.fr\/Luxtrans\/?s={search_term_string}"},"query-input":"required name=search_term_string"}],"inLanguage":"fr-FR"},{"@type":"Organization","@id":"http:\/\/s293241499.onlinehome.fr\/Luxtrans\/#organization","name":"Luxembourg Transplant","url":"http:\/\/s293241499.onlinehome.fr\/Luxtrans\/","logo":{"@type":"ImageObject","inLanguage":"fr-FR","@id":"http:\/\/s293241499.onlinehome.fr\/Luxtrans\/#\/schema\/logo\/image\/","url":"http:\/\/s293241499.onlinehome.fr\/Luxtrans\/wp-content\/uploads\/2018\/06\/TRANSPLANT_COUL.png","contentUrl":"http:\/\/s293241499.onlinehome.fr\/Luxtrans\/wp-content\/uploads\/2018\/06\/TRANSPLANT_COUL.png","width":2481,"height":813,"caption":"Luxembourg Transplant"},"image":{"@id":"http:\/\/s293241499.onlinehome.fr\/Luxtrans\/#\/schema\/logo\/image\/"}}]}},"_links":{"self":[{"href":"http:\/\/s293241499.onlinehome.fr\/Luxtrans\/wp-json\/wp\/v2\/pages\/841"}],"collection":[{"href":"http:\/\/s293241499.onlinehome.fr\/Luxtrans\/wp-json\/wp\/v2\/pages"}],"about":[{"href":"http:\/\/s293241499.onlinehome.fr\/Luxtrans\/wp-json\/wp\/v2\/types\/page"}],"author":[{"embeddable":true,"href":"http:\/\/s293241499.onlinehome.fr\/Luxtrans\/wp-json\/wp\/v2\/users\/1"}],"replies":[{"embeddable":true,"href":"http:\/\/s293241499.onlinehome.fr\/Luxtrans\/wp-json\/wp\/v2\/comments?post=841"}],"version-history":[{"count":10,"href":"http:\/\/s293241499.onlinehome.fr\/Luxtrans\/wp-json\/wp\/v2\/pages\/841\/revisions"}],"predecessor-version":[{"id":4807,"href":"http:\/\/s293241499.onlinehome.fr\/Luxtrans\/wp-json\/wp\/v2\/pages\/841\/revisions\/4807"}],"up":[{"embeddable":true,"href":"http:\/\/s293241499.onlinehome.fr\/Luxtrans\/wp-json\/wp\/v2\/pages\/780"}],"wp:attachment":[{"href":"http:\/\/s293241499.onlinehome.fr\/Luxtrans\/wp-json\/wp\/v2\/media?parent=841"}],"curies":[{"name":"wp","href":"https:\/\/api.w.org\/{rel}","templated":true}]}}