{"id":830,"date":"2015-09-22T20:19:58","date_gmt":"2015-09-22T20:19:58","guid":{"rendered":"http:\/\/s293241499.onlinehome.fr\/Luxtrans\/?page_id=830"},"modified":"2024-03-13T11:50:06","modified_gmt":"2024-03-13T11:50:06","slug":"service-de-coordination-national","status":"publish","type":"page","link":"http:\/\/s293241499.onlinehome.fr\/Luxtrans\/service-de-coordination-national\/","title":{"rendered":"Service de coordination national"},"content":{"rendered":"<p style=\"text-align: justify;\"><span style=\"color: #000000;\">Le service de Coordination national se compose de 3 coordinateurs<\/span><\/p>\n<p style=\"text-align: justify;\"><span style=\"color: #000000;\"><strong>Un coordinateur national de transplantation<\/strong><\/span><\/p>\n<p>Une personne qui rel\u00e8ve soit du personnel m\u00e9dical soit du personnel soignant, qui dirige le service national de\u00a0\u00a0 coordination, qui v\u00e9rifie que les conditions pr\u00e9vues\u00a0aux articles 6, 7, 8 et 11 de la loi modifi\u00e9e du 25 novembre 1982 relative aux organes\u00a0destin\u00e9s \u00e0 la transplantation sont respect\u00e9es<\/p>\n<p><span style=\"color: #000000;\"><strong>Deux coordinateurs de transplantation<\/strong><\/span><\/p>\n<p style=\"text-align: justify;\">Des personnes qui rel\u00e8vent soit du personnel m\u00e9dical soit du personnel soignant, qui sont impliqu\u00e9es dans la transplantation et le pr\u00e9l\u00e8vement d\u2019organes ainsi que dans la gestion de celles-ci.<\/p>\n<p style=\"text-align: justify;\"><span style=\"color: #000000;\"><strong>Pr\u00e9sentation des coordinateurs:<\/strong><\/span><\/p>\n<p style=\"text-align: justify;\"><span style=\"color: #000000;\"><strong><em>Jorge de Sousa<\/em><\/strong> est le coordinateur de transplantation 2012 ayant \u00e9t\u00e9 coordinateur de transplantation depuis 2000. Repr\u00e9sentant des coordinateurs au niveau Europ\u00e9en.\u00a0<\/span><span style=\"color: #000000;\">Infirmier anesth\u00e9siste aux Soins Intensifs Polyvalents du\u00a0CHL et infirmier gradu\u00e9 depuis 2005.<\/span><\/p>\n<p style=\"text-align: justify;\"><span style=\"color: #000000;\"><em><strong>Jos\u00e9 Lopes<\/strong><\/em> est coordinateur de transplantation depuis 2007. Infirmier anesth\u00e9siste ainsi que responsable des Soins Intensifs et Bloc Op\u00e9ratoire \u00e0 l&#8217;Institut National de Chirurgie Cardiaque et Cardiologie Interventionnelle\u00a0<\/span><\/p>\n<p style=\"text-align: justify;\"><span style=\"color: #000000;\"><em><strong>Manon Wagner <\/strong><\/em>est coordinatrice de transplantation depuis 2020. Elle est infirmi\u00e8re anesth\u00e9siste aux Soins Intensifs Polyvalents au Centre Hospitalier.<\/span><\/p>\n<p>Cette \u00e9quipe est de garde et joignable pendant 365 jours 7j\/7j et pendant 24\/24 heures. Elle est appel\u00e9e \u00e0 partir du moment qu&#8217;un donneur potentiel leur est r\u00e9f\u00e9r\u00e9 par un m\u00e9decin anesth\u00e9siste-r\u00e9animateur en vue d&#8217;un pr\u00e9l\u00e8vement potentiel.<\/p>\n<p style=\"text-align: justify;\">\u00a0<\/p>\n\n","protected":false},"excerpt":{"rendered":"<p>Le service de Coordination national se compose de 3 coordinateurs Un coordinateur national de transplantation Une personne qui rel\u00e8ve soit du personnel m\u00e9dical soit du personnel soignant, qui dirige le service national de\u00a0\u00a0 coordination, qui v\u00e9rifie que les conditions pr\u00e9vues\u00a0aux articles 6, 7, 8 et 11 de la loi modifi\u00e9e du 25 novembre 1982 relative [&hellip;]<\/p>\n","protected":false},"author":6,"featured_media":0,"parent":0,"menu_order":0,"comment_status":"open","ping_status":"open","template":"","meta":[],"acf":[],"yoast_head":"<!-- This site is optimized with the Yoast SEO plugin v19.13 - https:\/\/yoast.com\/wordpress\/plugins\/seo\/ -->\n<title>Service de coordination national - Luxembourg Transplant<\/title>\n<meta name=\"robots\" content=\"index, follow, max-snippet:-1, max-image-preview:large, max-video-preview:-1\" \/>\n<link rel=\"canonical\" href=\"http:\/\/s293241499.onlinehome.fr\/Luxtrans\/service-de-coordination-national\/\" \/>\n<meta property=\"og:locale\" content=\"fr_FR\" \/>\n<meta property=\"og:type\" content=\"article\" \/>\n<meta property=\"og:title\" content=\"Service de coordination national - Luxembourg Transplant\" \/>\n<meta property=\"og:description\" content=\"Le service de Coordination national se compose de 3 coordinateurs Un coordinateur national de transplantation Une personne qui rel\u00e8ve soit du personnel m\u00e9dical soit du personnel soignant, qui dirige le service national de\u00a0\u00a0 coordination, qui v\u00e9rifie que les conditions pr\u00e9vues\u00a0aux articles 6, 7, 8 et 11 de la loi modifi\u00e9e du 25 novembre 1982 relative [&hellip;]\" \/>\n<meta property=\"og:url\" content=\"http:\/\/s293241499.onlinehome.fr\/Luxtrans\/service-de-coordination-national\/\" \/>\n<meta property=\"og:site_name\" content=\"Luxembourg Transplant\" \/>\n<meta property=\"article:modified_time\" content=\"2024-03-13T11:50:06+00:00\" \/>\n<meta name=\"twitter:card\" content=\"summary_large_image\" \/>\n<meta name=\"twitter:label1\" content=\"Dur\u00e9e de lecture estim\u00e9e\" \/>\n\t<meta name=\"twitter:data1\" content=\"2 minutes\" \/>\n<script type=\"application\/ld+json\" class=\"yoast-schema-graph\">{\"@context\":\"https:\/\/schema.org\",\"@graph\":[{\"@type\":\"WebPage\",\"@id\":\"http:\/\/s293241499.onlinehome.fr\/Luxtrans\/service-de-coordination-national\/\",\"url\":\"http:\/\/s293241499.onlinehome.fr\/Luxtrans\/service-de-coordination-national\/\",\"name\":\"Service de coordination national - Luxembourg Transplant\",\"isPartOf\":{\"@id\":\"http:\/\/s293241499.onlinehome.fr\/Luxtrans\/#website\"},\"datePublished\":\"2015-09-22T20:19:58+00:00\",\"dateModified\":\"2024-03-13T11:50:06+00:00\",\"breadcrumb\":{\"@id\":\"http:\/\/s293241499.onlinehome.fr\/Luxtrans\/service-de-coordination-national\/#breadcrumb\"},\"inLanguage\":\"fr-FR\",\"potentialAction\":[{\"@type\":\"ReadAction\",\"target\":[\"http:\/\/s293241499.onlinehome.fr\/Luxtrans\/service-de-coordination-national\/\"]}]},{\"@type\":\"BreadcrumbList\",\"@id\":\"http:\/\/s293241499.onlinehome.fr\/Luxtrans\/service-de-coordination-national\/#breadcrumb\",\"itemListElement\":[{\"@type\":\"ListItem\",\"position\":1,\"name\":\"Accueil\",\"item\":\"http:\/\/s293241499.onlinehome.fr\/Luxtrans\/\"},{\"@type\":\"ListItem\",\"position\":2,\"name\":\"Service de coordination national\"}]},{\"@type\":\"WebSite\",\"@id\":\"http:\/\/s293241499.onlinehome.fr\/Luxtrans\/#website\",\"url\":\"http:\/\/s293241499.onlinehome.fr\/Luxtrans\/\",\"name\":\"Luxembourg Transplant\",\"description\":\"Sous le Haut Patronage de Son Altesse Royale la Princesse Claire &amp; Association d&#039;utilit\u00e9 publique\",\"publisher\":{\"@id\":\"http:\/\/s293241499.onlinehome.fr\/Luxtrans\/#organization\"},\"potentialAction\":[{\"@type\":\"SearchAction\",\"target\":{\"@type\":\"EntryPoint\",\"urlTemplate\":\"http:\/\/s293241499.onlinehome.fr\/Luxtrans\/?s={search_term_string}\"},\"query-input\":\"required name=search_term_string\"}],\"inLanguage\":\"fr-FR\"},{\"@type\":\"Organization\",\"@id\":\"http:\/\/s293241499.onlinehome.fr\/Luxtrans\/#organization\",\"name\":\"Luxembourg Transplant\",\"url\":\"http:\/\/s293241499.onlinehome.fr\/Luxtrans\/\",\"logo\":{\"@type\":\"ImageObject\",\"inLanguage\":\"fr-FR\",\"@id\":\"http:\/\/s293241499.onlinehome.fr\/Luxtrans\/#\/schema\/logo\/image\/\",\"url\":\"http:\/\/s293241499.onlinehome.fr\/Luxtrans\/wp-content\/uploads\/2018\/06\/TRANSPLANT_COUL.png\",\"contentUrl\":\"http:\/\/s293241499.onlinehome.fr\/Luxtrans\/wp-content\/uploads\/2018\/06\/TRANSPLANT_COUL.png\",\"width\":2481,\"height\":813,\"caption\":\"Luxembourg Transplant\"},\"image\":{\"@id\":\"http:\/\/s293241499.onlinehome.fr\/Luxtrans\/#\/schema\/logo\/image\/\"}}]}<\/script>\n<!-- \/ Yoast SEO plugin. -->","yoast_head_json":{"title":"Service de coordination national - Luxembourg Transplant","robots":{"index":"index","follow":"follow","max-snippet":"max-snippet:-1","max-image-preview":"max-image-preview:large","max-video-preview":"max-video-preview:-1"},"canonical":"http:\/\/s293241499.onlinehome.fr\/Luxtrans\/service-de-coordination-national\/","og_locale":"fr_FR","og_type":"article","og_title":"Service de coordination national - Luxembourg Transplant","og_description":"Le service de Coordination national se compose de 3 coordinateurs Un coordinateur national de transplantation Une personne qui rel\u00e8ve soit du personnel m\u00e9dical soit du personnel soignant, qui dirige le service national de\u00a0\u00a0 coordination, qui v\u00e9rifie que les conditions pr\u00e9vues\u00a0aux articles 6, 7, 8 et 11 de la loi modifi\u00e9e du 25 novembre 1982 relative [&hellip;]","og_url":"http:\/\/s293241499.onlinehome.fr\/Luxtrans\/service-de-coordination-national\/","og_site_name":"Luxembourg Transplant","article_modified_time":"2024-03-13T11:50:06+00:00","twitter_card":"summary_large_image","twitter_misc":{"Dur\u00e9e de lecture estim\u00e9e":"2 minutes"},"schema":{"@context":"https:\/\/schema.org","@graph":[{"@type":"WebPage","@id":"http:\/\/s293241499.onlinehome.fr\/Luxtrans\/service-de-coordination-national\/","url":"http:\/\/s293241499.onlinehome.fr\/Luxtrans\/service-de-coordination-national\/","name":"Service de coordination national - Luxembourg Transplant","isPartOf":{"@id":"http:\/\/s293241499.onlinehome.fr\/Luxtrans\/#website"},"datePublished":"2015-09-22T20:19:58+00:00","dateModified":"2024-03-13T11:50:06+00:00","breadcrumb":{"@id":"http:\/\/s293241499.onlinehome.fr\/Luxtrans\/service-de-coordination-national\/#breadcrumb"},"inLanguage":"fr-FR","potentialAction":[{"@type":"ReadAction","target":["http:\/\/s293241499.onlinehome.fr\/Luxtrans\/service-de-coordination-national\/"]}]},{"@type":"BreadcrumbList","@id":"http:\/\/s293241499.onlinehome.fr\/Luxtrans\/service-de-coordination-national\/#breadcrumb","itemListElement":[{"@type":"ListItem","position":1,"name":"Accueil","item":"http:\/\/s293241499.onlinehome.fr\/Luxtrans\/"},{"@type":"ListItem","position":2,"name":"Service de coordination national"}]},{"@type":"WebSite","@id":"http:\/\/s293241499.onlinehome.fr\/Luxtrans\/#website","url":"http:\/\/s293241499.onlinehome.fr\/Luxtrans\/","name":"Luxembourg Transplant","description":"Sous le Haut Patronage de Son Altesse Royale la Princesse Claire &amp; Association d&#039;utilit\u00e9 publique","publisher":{"@id":"http:\/\/s293241499.onlinehome.fr\/Luxtrans\/#organization"},"potentialAction":[{"@type":"SearchAction","target":{"@type":"EntryPoint","urlTemplate":"http:\/\/s293241499.onlinehome.fr\/Luxtrans\/?s={search_term_string}"},"query-input":"required name=search_term_string"}],"inLanguage":"fr-FR"},{"@type":"Organization","@id":"http:\/\/s293241499.onlinehome.fr\/Luxtrans\/#organization","name":"Luxembourg Transplant","url":"http:\/\/s293241499.onlinehome.fr\/Luxtrans\/","logo":{"@type":"ImageObject","inLanguage":"fr-FR","@id":"http:\/\/s293241499.onlinehome.fr\/Luxtrans\/#\/schema\/logo\/image\/","url":"http:\/\/s293241499.onlinehome.fr\/Luxtrans\/wp-content\/uploads\/2018\/06\/TRANSPLANT_COUL.png","contentUrl":"http:\/\/s293241499.onlinehome.fr\/Luxtrans\/wp-content\/uploads\/2018\/06\/TRANSPLANT_COUL.png","width":2481,"height":813,"caption":"Luxembourg Transplant"},"image":{"@id":"http:\/\/s293241499.onlinehome.fr\/Luxtrans\/#\/schema\/logo\/image\/"}}]}},"_links":{"self":[{"href":"http:\/\/s293241499.onlinehome.fr\/Luxtrans\/wp-json\/wp\/v2\/pages\/830"}],"collection":[{"href":"http:\/\/s293241499.onlinehome.fr\/Luxtrans\/wp-json\/wp\/v2\/pages"}],"about":[{"href":"http:\/\/s293241499.onlinehome.fr\/Luxtrans\/wp-json\/wp\/v2\/types\/page"}],"author":[{"embeddable":true,"href":"http:\/\/s293241499.onlinehome.fr\/Luxtrans\/wp-json\/wp\/v2\/users\/6"}],"replies":[{"embeddable":true,"href":"http:\/\/s293241499.onlinehome.fr\/Luxtrans\/wp-json\/wp\/v2\/comments?post=830"}],"version-history":[{"count":16,"href":"http:\/\/s293241499.onlinehome.fr\/Luxtrans\/wp-json\/wp\/v2\/pages\/830\/revisions"}],"predecessor-version":[{"id":4811,"href":"http:\/\/s293241499.onlinehome.fr\/Luxtrans\/wp-json\/wp\/v2\/pages\/830\/revisions\/4811"}],"wp:attachment":[{"href":"http:\/\/s293241499.onlinehome.fr\/Luxtrans\/wp-json\/wp\/v2\/media?parent=830"}],"curies":[{"name":"wp","href":"https:\/\/api.w.org\/{rel}","templated":true}]}}