{"id":827,"date":"2015-09-22T20:00:20","date_gmt":"2015-09-22T20:00:20","guid":{"rendered":"http:\/\/s293241499.onlinehome.fr\/Luxtrans\/?page_id=827"},"modified":"2016-04-26T18:20:35","modified_gmt":"2016-04-26T18:20:35","slug":"legislation-luxembourgeoise","status":"publish","type":"page","link":"http:\/\/s293241499.onlinehome.fr\/Luxtrans\/legislation-luxembourgeoise\/","title":{"rendered":"L\u00e9gislation luxembourgeoise"},"content":{"rendered":"<h2><span style=\"color: #993366;\">Ethique, Religion et Don d&#8217;organes<\/span><\/h2>\n<p>Depuis le 25 novembre 1982, le Grand-Duch\u00e9 du Luxembourg s\u2019est dot\u00e9 d\u2019une loi sur le pr\u00e9l\u00e8vement d\u2019organes et de tissus humains. Elle a \u00e9t\u00e9 publi\u00e9e dans le M\u00e9morial A le 3 d\u00e9cembre 1982.<\/p>\n<p>D\u2019apr\u00e8s cette loi, <strong><u>chaque r\u00e9sident du Grand-Duch\u00e9 est donneur potentiel d\u2019organes<\/u><\/strong>, c\u2019est-\u00e0-dire que les organes et tissus peuvent \u00eatre pr\u00e9lev\u00e9s apr\u00e8s le d\u00e9c\u00e8s de toute personne ayant eu son dernier domicile l\u00e9gal \u00e0 Luxembourg et n\u2019ayant pas, de son vivant, fait conna\u00eetre, par \u00e9crit, son refus \u00e0 un tel pr\u00e9l\u00e8vement.<\/p>\n<p>Il y a donc une pr\u00e9somption de solidarit\u00e9 par laquelle on consid\u00e8re que, sans opposition de son vivant, chacun accepte de faire don de ses organes apr\u00e8s sa mort.<\/p>\n<p>Les trois grandes religions (chr\u00e9tienne, musulmane et juive) permettent le pr\u00e9l\u00e8vement d\u2019organes post-mortem \u00e0 condition que ceci permette de sauver la vie d\u2019un autre \u00eatre humain.<\/p>\n<p>Le don d\u2019organe est:<\/p>\n<p><strong>un acte anonyme<\/strong>: la loi garantit l\u2019anonymat du donneur et du receveur. La famille du donneur peut \u00eatre inform\u00e9e sur les organes pr\u00e9lev\u00e9s ainsi que du r\u00e9sultat des greffes.<br \/>\n<strong>un acte gratuit:<\/strong> toute r\u00e9mun\u00e9ration en contrepartie d\u2019un ou de plusieurs organes est interdite par la loi.<br \/>\n<strong>un acte de g\u00e9n\u00e9rosit\u00e9 et de solidarit\u00e9<\/strong> qui peut sauver des vies.<\/p>\n<p><strong>Important:<\/strong><\/p>\n<p>Le pr\u00e9l\u00e8vement est un acte chirurgical, effectu\u00e9 au bloc op\u00e9ratoire avec toutes les pr\u00e9cautions habituelles. Il n\u2019entra\u00eene pas de frais pour la famille. Le corps du d\u00e9funt est trait\u00e9 avec respect avant d\u2019\u00eatre restitu\u00e9 \u00e0 la famille pour qu\u2019elle puisse organiser les obs\u00e8ques selon ses souhaits ou ceux du d\u00e9funt.<\/p>\n<p>La l\u00e9gislation luxembourgeoise sur le don d&#8217;organes en int\u00e9gralit\u00e9.<\/p>\n<p><a href=\"http:\/\/eli.legilux.public.lu\/eli\/etat\/leg\/loi\/1982\/11\/25\/n2\" target=\"_blank\">Loi du 3 d\u00e9cembre 1982\u00a0<\/a><\/p>\n<p style=\"text-align: justify;\"><a href=\"http:\/\/eli.legilux.public.lu\/eli\/etat\/leg\/loi\/2015\/06\/25\/n1\" target=\"_blank\">Loi du 25 juin 2015<\/a><\/p>\n<p style=\"text-align: justify;\"><a href=\"http:\/\/eli.legilux.public.lu\/eli\/etat\/leg\/rgd\/2009\/10\/06\/n3\" target=\"_blank\">R\u00e8glement grand ducal du 6 octobre 2009<\/a><\/p>\n<p style=\"text-align: justify;\"><a href=\"http:\/\/eli.legilux.public.lu\/eli\/etat\/leg\/rgd\/2009\/12\/03\/n3\" target=\"_blank\">R\u00e8glement grand ducal du 3 d\u00e9cembre 2009<\/a><\/p>\n<p style=\"text-align: justify;\"><a href=\"http:\/\/eli.legilux.public.lu\/eli\/etat\/leg\/rgd\/2013\/08\/27\/n1\" target=\"_blank\">R\u00e8glement grand ducal du 27 ao\u00fbt 2013<\/a><\/p>\n","protected":false},"excerpt":{"rendered":"<p>Ethique, Religion et Don d&#8217;organes Depuis le 25 novembre 1982, le Grand-Duch\u00e9 du Luxembourg s\u2019est dot\u00e9 d\u2019une loi sur le pr\u00e9l\u00e8vement d\u2019organes et de tissus humains. Elle a \u00e9t\u00e9 publi\u00e9e dans le M\u00e9morial A le 3 d\u00e9cembre 1982. D\u2019apr\u00e8s cette loi, chaque r\u00e9sident du Grand-Duch\u00e9 est donneur potentiel d\u2019organes, c\u2019est-\u00e0-dire que les organes et tissus [&hellip;]<\/p>\n","protected":false},"author":6,"featured_media":0,"parent":0,"menu_order":0,"comment_status":"open","ping_status":"open","template":"","meta":[],"acf":[],"yoast_head":"<!-- This site is optimized with the Yoast SEO plugin v19.13 - https:\/\/yoast.com\/wordpress\/plugins\/seo\/ -->\n<title>L\u00e9gislation luxembourgeoise - Luxembourg Transplant<\/title>\n<meta name=\"robots\" content=\"index, follow, max-snippet:-1, max-image-preview:large, max-video-preview:-1\" \/>\n<link rel=\"canonical\" href=\"http:\/\/s293241499.onlinehome.fr\/Luxtrans\/legislation-luxembourgeoise\/\" \/>\n<meta property=\"og:locale\" content=\"fr_FR\" \/>\n<meta property=\"og:type\" content=\"article\" \/>\n<meta property=\"og:title\" content=\"L\u00e9gislation luxembourgeoise - Luxembourg Transplant\" \/>\n<meta property=\"og:description\" content=\"Ethique, Religion et Don d&#8217;organes Depuis le 25 novembre 1982, le Grand-Duch\u00e9 du Luxembourg s\u2019est dot\u00e9 d\u2019une loi sur le pr\u00e9l\u00e8vement d\u2019organes et de tissus humains. Elle a \u00e9t\u00e9 publi\u00e9e dans le M\u00e9morial A le 3 d\u00e9cembre 1982. D\u2019apr\u00e8s cette loi, chaque r\u00e9sident du Grand-Duch\u00e9 est donneur potentiel d\u2019organes, c\u2019est-\u00e0-dire que les organes et tissus [&hellip;]\" \/>\n<meta property=\"og:url\" content=\"http:\/\/s293241499.onlinehome.fr\/Luxtrans\/legislation-luxembourgeoise\/\" \/>\n<meta property=\"og:site_name\" content=\"Luxembourg Transplant\" \/>\n<meta property=\"article:modified_time\" content=\"2016-04-26T18:20:35+00:00\" \/>\n<meta name=\"twitter:card\" content=\"summary_large_image\" \/>\n<meta name=\"twitter:label1\" content=\"Dur\u00e9e de lecture estim\u00e9e\" \/>\n\t<meta name=\"twitter:data1\" content=\"2 minutes\" \/>\n<script type=\"application\/ld+json\" class=\"yoast-schema-graph\">{\"@context\":\"https:\/\/schema.org\",\"@graph\":[{\"@type\":\"WebPage\",\"@id\":\"http:\/\/s293241499.onlinehome.fr\/Luxtrans\/legislation-luxembourgeoise\/\",\"url\":\"http:\/\/s293241499.onlinehome.fr\/Luxtrans\/legislation-luxembourgeoise\/\",\"name\":\"L\u00e9gislation luxembourgeoise - Luxembourg Transplant\",\"isPartOf\":{\"@id\":\"http:\/\/s293241499.onlinehome.fr\/Luxtrans\/#website\"},\"datePublished\":\"2015-09-22T20:00:20+00:00\",\"dateModified\":\"2016-04-26T18:20:35+00:00\",\"breadcrumb\":{\"@id\":\"http:\/\/s293241499.onlinehome.fr\/Luxtrans\/legislation-luxembourgeoise\/#breadcrumb\"},\"inLanguage\":\"fr-FR\",\"potentialAction\":[{\"@type\":\"ReadAction\",\"target\":[\"http:\/\/s293241499.onlinehome.fr\/Luxtrans\/legislation-luxembourgeoise\/\"]}]},{\"@type\":\"BreadcrumbList\",\"@id\":\"http:\/\/s293241499.onlinehome.fr\/Luxtrans\/legislation-luxembourgeoise\/#breadcrumb\",\"itemListElement\":[{\"@type\":\"ListItem\",\"position\":1,\"name\":\"Accueil\",\"item\":\"http:\/\/s293241499.onlinehome.fr\/Luxtrans\/\"},{\"@type\":\"ListItem\",\"position\":2,\"name\":\"L\u00e9gislation luxembourgeoise\"}]},{\"@type\":\"WebSite\",\"@id\":\"http:\/\/s293241499.onlinehome.fr\/Luxtrans\/#website\",\"url\":\"http:\/\/s293241499.onlinehome.fr\/Luxtrans\/\",\"name\":\"Luxembourg Transplant\",\"description\":\"Sous le Haut Patronage de Son Altesse Royale la Princesse Claire &amp; Association d&#039;utilit\u00e9 publique\",\"publisher\":{\"@id\":\"http:\/\/s293241499.onlinehome.fr\/Luxtrans\/#organization\"},\"potentialAction\":[{\"@type\":\"SearchAction\",\"target\":{\"@type\":\"EntryPoint\",\"urlTemplate\":\"http:\/\/s293241499.onlinehome.fr\/Luxtrans\/?s={search_term_string}\"},\"query-input\":\"required name=search_term_string\"}],\"inLanguage\":\"fr-FR\"},{\"@type\":\"Organization\",\"@id\":\"http:\/\/s293241499.onlinehome.fr\/Luxtrans\/#organization\",\"name\":\"Luxembourg Transplant\",\"url\":\"http:\/\/s293241499.onlinehome.fr\/Luxtrans\/\",\"logo\":{\"@type\":\"ImageObject\",\"inLanguage\":\"fr-FR\",\"@id\":\"http:\/\/s293241499.onlinehome.fr\/Luxtrans\/#\/schema\/logo\/image\/\",\"url\":\"http:\/\/s293241499.onlinehome.fr\/Luxtrans\/wp-content\/uploads\/2018\/06\/TRANSPLANT_COUL.png\",\"contentUrl\":\"http:\/\/s293241499.onlinehome.fr\/Luxtrans\/wp-content\/uploads\/2018\/06\/TRANSPLANT_COUL.png\",\"width\":2481,\"height\":813,\"caption\":\"Luxembourg Transplant\"},\"image\":{\"@id\":\"http:\/\/s293241499.onlinehome.fr\/Luxtrans\/#\/schema\/logo\/image\/\"}}]}<\/script>\n<!-- \/ Yoast SEO plugin. -->","yoast_head_json":{"title":"L\u00e9gislation luxembourgeoise - Luxembourg Transplant","robots":{"index":"index","follow":"follow","max-snippet":"max-snippet:-1","max-image-preview":"max-image-preview:large","max-video-preview":"max-video-preview:-1"},"canonical":"http:\/\/s293241499.onlinehome.fr\/Luxtrans\/legislation-luxembourgeoise\/","og_locale":"fr_FR","og_type":"article","og_title":"L\u00e9gislation luxembourgeoise - Luxembourg Transplant","og_description":"Ethique, Religion et Don d&#8217;organes Depuis le 25 novembre 1982, le Grand-Duch\u00e9 du Luxembourg s\u2019est dot\u00e9 d\u2019une loi sur le pr\u00e9l\u00e8vement d\u2019organes et de tissus humains. Elle a \u00e9t\u00e9 publi\u00e9e dans le M\u00e9morial A le 3 d\u00e9cembre 1982. D\u2019apr\u00e8s cette loi, chaque r\u00e9sident du Grand-Duch\u00e9 est donneur potentiel d\u2019organes, c\u2019est-\u00e0-dire que les organes et tissus [&hellip;]","og_url":"http:\/\/s293241499.onlinehome.fr\/Luxtrans\/legislation-luxembourgeoise\/","og_site_name":"Luxembourg Transplant","article_modified_time":"2016-04-26T18:20:35+00:00","twitter_card":"summary_large_image","twitter_misc":{"Dur\u00e9e de lecture estim\u00e9e":"2 minutes"},"schema":{"@context":"https:\/\/schema.org","@graph":[{"@type":"WebPage","@id":"http:\/\/s293241499.onlinehome.fr\/Luxtrans\/legislation-luxembourgeoise\/","url":"http:\/\/s293241499.onlinehome.fr\/Luxtrans\/legislation-luxembourgeoise\/","name":"L\u00e9gislation luxembourgeoise - Luxembourg Transplant","isPartOf":{"@id":"http:\/\/s293241499.onlinehome.fr\/Luxtrans\/#website"},"datePublished":"2015-09-22T20:00:20+00:00","dateModified":"2016-04-26T18:20:35+00:00","breadcrumb":{"@id":"http:\/\/s293241499.onlinehome.fr\/Luxtrans\/legislation-luxembourgeoise\/#breadcrumb"},"inLanguage":"fr-FR","potentialAction":[{"@type":"ReadAction","target":["http:\/\/s293241499.onlinehome.fr\/Luxtrans\/legislation-luxembourgeoise\/"]}]},{"@type":"BreadcrumbList","@id":"http:\/\/s293241499.onlinehome.fr\/Luxtrans\/legislation-luxembourgeoise\/#breadcrumb","itemListElement":[{"@type":"ListItem","position":1,"name":"Accueil","item":"http:\/\/s293241499.onlinehome.fr\/Luxtrans\/"},{"@type":"ListItem","position":2,"name":"L\u00e9gislation luxembourgeoise"}]},{"@type":"WebSite","@id":"http:\/\/s293241499.onlinehome.fr\/Luxtrans\/#website","url":"http:\/\/s293241499.onlinehome.fr\/Luxtrans\/","name":"Luxembourg Transplant","description":"Sous le Haut Patronage de Son Altesse Royale la Princesse Claire &amp; Association d&#039;utilit\u00e9 publique","publisher":{"@id":"http:\/\/s293241499.onlinehome.fr\/Luxtrans\/#organization"},"potentialAction":[{"@type":"SearchAction","target":{"@type":"EntryPoint","urlTemplate":"http:\/\/s293241499.onlinehome.fr\/Luxtrans\/?s={search_term_string}"},"query-input":"required name=search_term_string"}],"inLanguage":"fr-FR"},{"@type":"Organization","@id":"http:\/\/s293241499.onlinehome.fr\/Luxtrans\/#organization","name":"Luxembourg Transplant","url":"http:\/\/s293241499.onlinehome.fr\/Luxtrans\/","logo":{"@type":"ImageObject","inLanguage":"fr-FR","@id":"http:\/\/s293241499.onlinehome.fr\/Luxtrans\/#\/schema\/logo\/image\/","url":"http:\/\/s293241499.onlinehome.fr\/Luxtrans\/wp-content\/uploads\/2018\/06\/TRANSPLANT_COUL.png","contentUrl":"http:\/\/s293241499.onlinehome.fr\/Luxtrans\/wp-content\/uploads\/2018\/06\/TRANSPLANT_COUL.png","width":2481,"height":813,"caption":"Luxembourg Transplant"},"image":{"@id":"http:\/\/s293241499.onlinehome.fr\/Luxtrans\/#\/schema\/logo\/image\/"}}]}},"_links":{"self":[{"href":"http:\/\/s293241499.onlinehome.fr\/Luxtrans\/wp-json\/wp\/v2\/pages\/827"}],"collection":[{"href":"http:\/\/s293241499.onlinehome.fr\/Luxtrans\/wp-json\/wp\/v2\/pages"}],"about":[{"href":"http:\/\/s293241499.onlinehome.fr\/Luxtrans\/wp-json\/wp\/v2\/types\/page"}],"author":[{"embeddable":true,"href":"http:\/\/s293241499.onlinehome.fr\/Luxtrans\/wp-json\/wp\/v2\/users\/6"}],"replies":[{"embeddable":true,"href":"http:\/\/s293241499.onlinehome.fr\/Luxtrans\/wp-json\/wp\/v2\/comments?post=827"}],"version-history":[{"count":19,"href":"http:\/\/s293241499.onlinehome.fr\/Luxtrans\/wp-json\/wp\/v2\/pages\/827\/revisions"}],"predecessor-version":[{"id":1558,"href":"http:\/\/s293241499.onlinehome.fr\/Luxtrans\/wp-json\/wp\/v2\/pages\/827\/revisions\/1558"}],"wp:attachment":[{"href":"http:\/\/s293241499.onlinehome.fr\/Luxtrans\/wp-json\/wp\/v2\/media?parent=827"}],"curies":[{"name":"wp","href":"https:\/\/api.w.org\/{rel}","templated":true}]}}