{"id":2121,"date":"2017-02-14T07:34:35","date_gmt":"2017-02-14T07:34:35","guid":{"rendered":"http:\/\/s293241499.onlinehome.fr\/Luxtrans\/?page_id=2121"},"modified":"2025-03-19T20:55:08","modified_gmt":"2025-03-19T20:55:08","slug":"bilans-dactivites","status":"publish","type":"page","link":"http:\/\/s293241499.onlinehome.fr\/Luxtrans\/bilans-dactivites\/","title":{"rendered":"Bilans d&#8217;activit\u00e9s"},"content":{"rendered":"\t\t<div data-elementor-type=\"wp-page\" data-elementor-id=\"2121\" class=\"elementor elementor-2121\">\n\t\t\t\t\t\t\t\t\t<section class=\"elementor-section elementor-top-section elementor-element elementor-element-50088b75 elementor-section-boxed elementor-section-height-default elementor-section-height-default\" data-id=\"50088b75\" data-element_type=\"section\">\n\t\t\t\t\t\t<div class=\"elementor-container elementor-column-gap-default\">\n\t\t\t\t\t<div class=\"elementor-column elementor-col-100 elementor-top-column elementor-element elementor-element-17c3c6e0\" data-id=\"17c3c6e0\" data-element_type=\"column\">\n\t\t\t<div class=\"elementor-widget-wrap elementor-element-populated\">\n\t\t\t\t\t\t\t\t<div class=\"elementor-element elementor-element-3ee722e5 elementor-widget elementor-widget-text-editor\" data-id=\"3ee722e5\" data-element_type=\"widget\" data-widget_type=\"text-editor.default\">\n\t\t\t\t<div class=\"elementor-widget-container\">\n\t\t\t<style>\/*! elementor - v3.6.5 - 27-04-2022 *\/\n.elementor-widget-text-editor.elementor-drop-cap-view-stacked .elementor-drop-cap{background-color:#818a91;color:#fff}.elementor-widget-text-editor.elementor-drop-cap-view-framed .elementor-drop-cap{color:#818a91;border:3px solid;background-color:transparent}.elementor-widget-text-editor:not(.elementor-drop-cap-view-default) .elementor-drop-cap{margin-top:8px}.elementor-widget-text-editor:not(.elementor-drop-cap-view-default) .elementor-drop-cap-letter{width:1em;height:1em}.elementor-widget-text-editor .elementor-drop-cap{float:left;text-align:center;line-height:1;font-size:50px}.elementor-widget-text-editor .elementor-drop-cap-letter{display:inline-block}<\/style>\t\t\t\t<p><a href=\"http:\/\/s293241499.onlinehome.fr\/Luxtrans\/wp-content\/uploads\/2017\/02\/rapport-activit\u00e9s-2016.pdf\">rapport activit\u00e9s 2016<\/a><\/p>\n<p><a href=\"http:\/\/s293241499.onlinehome.fr\/Luxtrans\/wp-content\/uploads\/2019\/03\/rapport-activit\u00e9s-2017.pdf\" target=\"_blank\" rel=\"noopener\">rapport activit\u00e9s 2017<\/a><\/p>\n<p><a href=\"http:\/\/s293241499.onlinehome.fr\/Luxtrans\/wp-content\/uploads\/2019\/10\/rapport-activit\u00e9s-2018.pdf\" target=\"_blank\" rel=\"noopener\">rapport activit\u00e9s 2018<\/a><\/p>\n<p><a href=\"http:\/\/s293241499.onlinehome.fr\/Luxtrans\/wp-content\/uploads\/2020\/07\/rapport-activit\u00e9s-2019.pdf\" target=\"_blank\" rel=\"noopener\">rapport activit\u00e9s 2019<\/a><\/p>\n<p><a href=\"http:\/\/s293241499.onlinehome.fr\/Luxtrans\/wp-content\/uploads\/2021\/03\/Rapport-dactivit\u00e9s-2020.pdf\" target=\"_blank\" rel=\"noopener\">rapport activit\u00e9s 2020<\/a><\/p>\n<p><a href=\"http:\/\/s293241499.onlinehome.fr\/Luxtrans\/wp-content\/uploads\/2022\/04\/Rapport-dactivites-2021.pdf\">rapport activit\u00e9s 2021<\/a><\/p>\n<p><!-- wp:tadv\/classic-paragraph --><\/p>\n<p><a href=\"http:\/\/s293241499.onlinehome.fr\/Luxtrans\/rapport-dactivites-2022\/\">rapport activit\u00e9s 2022<\/a><\/p>\n<p><a href=\"http:\/\/s293241499.onlinehome.fr\/Luxtrans\/rapport-2023\/\" target=\"_blank\" rel=\"noopener\">rapport activit\u00e9s 2023<\/a><\/p>\n<p><a href=\"http:\/\/s293241499.onlinehome.fr\/Luxtrans\/rapport-dactivites-2024\/\" target=\"_blank\" rel=\"noopener\">rapport activit\u00e9s 2024<\/a><\/p>\n<p>\u00a0<\/p>\n<p><!-- \/wp:tadv\/classic-paragraph --><\/p>\t\t\t\t\t\t<\/div>\n\t\t\t\t<\/div>\n\t\t\t\t\t<\/div>\n\t\t<\/div>\n\t\t\t\t\t\t\t<\/div>\n\t\t<\/section>\n\t\t\t\t\t\t\t<\/div>\n\t\t","protected":false},"excerpt":{"rendered":"<p>rapport activit\u00e9s 2016 rapport activit\u00e9s 2017 rapport activit\u00e9s 2018 rapport activit\u00e9s 2019 rapport activit\u00e9s 2020 rapport activit\u00e9s 2021 rapport activit\u00e9s 2022 rapport activit\u00e9s 2023 rapport activit\u00e9s 2024 \u00a0<\/p>\n","protected":false},"author":6,"featured_media":0,"parent":0,"menu_order":0,"comment_status":"open","ping_status":"open","template":"","meta":[],"acf":[],"yoast_head":"<!-- This site is optimized with the Yoast SEO plugin v19.13 - https:\/\/yoast.com\/wordpress\/plugins\/seo\/ -->\n<title>Bilans d&#039;activit\u00e9s - Luxembourg Transplant<\/title>\n<meta name=\"robots\" content=\"index, follow, max-snippet:-1, max-image-preview:large, max-video-preview:-1\" \/>\n<link rel=\"canonical\" href=\"http:\/\/s293241499.onlinehome.fr\/Luxtrans\/bilans-dactivites\/\" \/>\n<meta property=\"og:locale\" content=\"fr_FR\" \/>\n<meta property=\"og:type\" content=\"article\" \/>\n<meta property=\"og:title\" content=\"Bilans d&#039;activit\u00e9s - Luxembourg Transplant\" \/>\n<meta property=\"og:description\" content=\"rapport activit\u00e9s 2016 rapport activit\u00e9s 2017 rapport activit\u00e9s 2018 rapport activit\u00e9s 2019 rapport activit\u00e9s 2020 rapport activit\u00e9s 2021 rapport activit\u00e9s 2022 rapport activit\u00e9s 2023 rapport activit\u00e9s 2024 \u00a0\" \/>\n<meta property=\"og:url\" content=\"http:\/\/s293241499.onlinehome.fr\/Luxtrans\/bilans-dactivites\/\" \/>\n<meta property=\"og:site_name\" content=\"Luxembourg Transplant\" \/>\n<meta property=\"article:modified_time\" content=\"2025-03-19T20:55:08+00:00\" \/>\n<meta name=\"twitter:card\" content=\"summary_large_image\" \/>\n<meta name=\"twitter:label1\" content=\"Dur\u00e9e de lecture estim\u00e9e\" \/>\n\t<meta name=\"twitter:data1\" content=\"1 minute\" \/>\n<script type=\"application\/ld+json\" class=\"yoast-schema-graph\">{\"@context\":\"https:\/\/schema.org\",\"@graph\":[{\"@type\":\"WebPage\",\"@id\":\"http:\/\/s293241499.onlinehome.fr\/Luxtrans\/bilans-dactivites\/\",\"url\":\"http:\/\/s293241499.onlinehome.fr\/Luxtrans\/bilans-dactivites\/\",\"name\":\"Bilans d'activit\u00e9s - Luxembourg Transplant\",\"isPartOf\":{\"@id\":\"http:\/\/s293241499.onlinehome.fr\/Luxtrans\/#website\"},\"datePublished\":\"2017-02-14T07:34:35+00:00\",\"dateModified\":\"2025-03-19T20:55:08+00:00\",\"breadcrumb\":{\"@id\":\"http:\/\/s293241499.onlinehome.fr\/Luxtrans\/bilans-dactivites\/#breadcrumb\"},\"inLanguage\":\"fr-FR\",\"potentialAction\":[{\"@type\":\"ReadAction\",\"target\":[\"http:\/\/s293241499.onlinehome.fr\/Luxtrans\/bilans-dactivites\/\"]}]},{\"@type\":\"BreadcrumbList\",\"@id\":\"http:\/\/s293241499.onlinehome.fr\/Luxtrans\/bilans-dactivites\/#breadcrumb\",\"itemListElement\":[{\"@type\":\"ListItem\",\"position\":1,\"name\":\"Accueil\",\"item\":\"http:\/\/s293241499.onlinehome.fr\/Luxtrans\/\"},{\"@type\":\"ListItem\",\"position\":2,\"name\":\"Bilans d&#8217;activit\u00e9s\"}]},{\"@type\":\"WebSite\",\"@id\":\"http:\/\/s293241499.onlinehome.fr\/Luxtrans\/#website\",\"url\":\"http:\/\/s293241499.onlinehome.fr\/Luxtrans\/\",\"name\":\"Luxembourg Transplant\",\"description\":\"Sous le Haut Patronage de Son Altesse Royale la Princesse Claire &amp; Association d&#039;utilit\u00e9 publique\",\"publisher\":{\"@id\":\"http:\/\/s293241499.onlinehome.fr\/Luxtrans\/#organization\"},\"potentialAction\":[{\"@type\":\"SearchAction\",\"target\":{\"@type\":\"EntryPoint\",\"urlTemplate\":\"http:\/\/s293241499.onlinehome.fr\/Luxtrans\/?s={search_term_string}\"},\"query-input\":\"required name=search_term_string\"}],\"inLanguage\":\"fr-FR\"},{\"@type\":\"Organization\",\"@id\":\"http:\/\/s293241499.onlinehome.fr\/Luxtrans\/#organization\",\"name\":\"Luxembourg Transplant\",\"url\":\"http:\/\/s293241499.onlinehome.fr\/Luxtrans\/\",\"logo\":{\"@type\":\"ImageObject\",\"inLanguage\":\"fr-FR\",\"@id\":\"http:\/\/s293241499.onlinehome.fr\/Luxtrans\/#\/schema\/logo\/image\/\",\"url\":\"http:\/\/s293241499.onlinehome.fr\/Luxtrans\/wp-content\/uploads\/2018\/06\/TRANSPLANT_COUL.png\",\"contentUrl\":\"http:\/\/s293241499.onlinehome.fr\/Luxtrans\/wp-content\/uploads\/2018\/06\/TRANSPLANT_COUL.png\",\"width\":2481,\"height\":813,\"caption\":\"Luxembourg Transplant\"},\"image\":{\"@id\":\"http:\/\/s293241499.onlinehome.fr\/Luxtrans\/#\/schema\/logo\/image\/\"}}]}<\/script>\n<!-- \/ Yoast SEO plugin. -->","yoast_head_json":{"title":"Bilans d'activit\u00e9s - Luxembourg Transplant","robots":{"index":"index","follow":"follow","max-snippet":"max-snippet:-1","max-image-preview":"max-image-preview:large","max-video-preview":"max-video-preview:-1"},"canonical":"http:\/\/s293241499.onlinehome.fr\/Luxtrans\/bilans-dactivites\/","og_locale":"fr_FR","og_type":"article","og_title":"Bilans d'activit\u00e9s - Luxembourg Transplant","og_description":"rapport activit\u00e9s 2016 rapport activit\u00e9s 2017 rapport activit\u00e9s 2018 rapport activit\u00e9s 2019 rapport activit\u00e9s 2020 rapport activit\u00e9s 2021 rapport activit\u00e9s 2022 rapport activit\u00e9s 2023 rapport activit\u00e9s 2024 \u00a0","og_url":"http:\/\/s293241499.onlinehome.fr\/Luxtrans\/bilans-dactivites\/","og_site_name":"Luxembourg Transplant","article_modified_time":"2025-03-19T20:55:08+00:00","twitter_card":"summary_large_image","twitter_misc":{"Dur\u00e9e de lecture estim\u00e9e":"1 minute"},"schema":{"@context":"https:\/\/schema.org","@graph":[{"@type":"WebPage","@id":"http:\/\/s293241499.onlinehome.fr\/Luxtrans\/bilans-dactivites\/","url":"http:\/\/s293241499.onlinehome.fr\/Luxtrans\/bilans-dactivites\/","name":"Bilans d'activit\u00e9s - Luxembourg Transplant","isPartOf":{"@id":"http:\/\/s293241499.onlinehome.fr\/Luxtrans\/#website"},"datePublished":"2017-02-14T07:34:35+00:00","dateModified":"2025-03-19T20:55:08+00:00","breadcrumb":{"@id":"http:\/\/s293241499.onlinehome.fr\/Luxtrans\/bilans-dactivites\/#breadcrumb"},"inLanguage":"fr-FR","potentialAction":[{"@type":"ReadAction","target":["http:\/\/s293241499.onlinehome.fr\/Luxtrans\/bilans-dactivites\/"]}]},{"@type":"BreadcrumbList","@id":"http:\/\/s293241499.onlinehome.fr\/Luxtrans\/bilans-dactivites\/#breadcrumb","itemListElement":[{"@type":"ListItem","position":1,"name":"Accueil","item":"http:\/\/s293241499.onlinehome.fr\/Luxtrans\/"},{"@type":"ListItem","position":2,"name":"Bilans d&#8217;activit\u00e9s"}]},{"@type":"WebSite","@id":"http:\/\/s293241499.onlinehome.fr\/Luxtrans\/#website","url":"http:\/\/s293241499.onlinehome.fr\/Luxtrans\/","name":"Luxembourg Transplant","description":"Sous le Haut Patronage de Son Altesse Royale la Princesse Claire &amp; Association d&#039;utilit\u00e9 publique","publisher":{"@id":"http:\/\/s293241499.onlinehome.fr\/Luxtrans\/#organization"},"potentialAction":[{"@type":"SearchAction","target":{"@type":"EntryPoint","urlTemplate":"http:\/\/s293241499.onlinehome.fr\/Luxtrans\/?s={search_term_string}"},"query-input":"required name=search_term_string"}],"inLanguage":"fr-FR"},{"@type":"Organization","@id":"http:\/\/s293241499.onlinehome.fr\/Luxtrans\/#organization","name":"Luxembourg Transplant","url":"http:\/\/s293241499.onlinehome.fr\/Luxtrans\/","logo":{"@type":"ImageObject","inLanguage":"fr-FR","@id":"http:\/\/s293241499.onlinehome.fr\/Luxtrans\/#\/schema\/logo\/image\/","url":"http:\/\/s293241499.onlinehome.fr\/Luxtrans\/wp-content\/uploads\/2018\/06\/TRANSPLANT_COUL.png","contentUrl":"http:\/\/s293241499.onlinehome.fr\/Luxtrans\/wp-content\/uploads\/2018\/06\/TRANSPLANT_COUL.png","width":2481,"height":813,"caption":"Luxembourg Transplant"},"image":{"@id":"http:\/\/s293241499.onlinehome.fr\/Luxtrans\/#\/schema\/logo\/image\/"}}]}},"_links":{"self":[{"href":"http:\/\/s293241499.onlinehome.fr\/Luxtrans\/wp-json\/wp\/v2\/pages\/2121"}],"collection":[{"href":"http:\/\/s293241499.onlinehome.fr\/Luxtrans\/wp-json\/wp\/v2\/pages"}],"about":[{"href":"http:\/\/s293241499.onlinehome.fr\/Luxtrans\/wp-json\/wp\/v2\/types\/page"}],"author":[{"embeddable":true,"href":"http:\/\/s293241499.onlinehome.fr\/Luxtrans\/wp-json\/wp\/v2\/users\/6"}],"replies":[{"embeddable":true,"href":"http:\/\/s293241499.onlinehome.fr\/Luxtrans\/wp-json\/wp\/v2\/comments?post=2121"}],"version-history":[{"count":34,"href":"http:\/\/s293241499.onlinehome.fr\/Luxtrans\/wp-json\/wp\/v2\/pages\/2121\/revisions"}],"predecessor-version":[{"id":5193,"href":"http:\/\/s293241499.onlinehome.fr\/Luxtrans\/wp-json\/wp\/v2\/pages\/2121\/revisions\/5193"}],"wp:attachment":[{"href":"http:\/\/s293241499.onlinehome.fr\/Luxtrans\/wp-json\/wp\/v2\/media?parent=2121"}],"curies":[{"name":"wp","href":"https:\/\/api.w.org\/{rel}","templated":true}]}}